
{"id":716,"date":"2014-03-21T13:53:53","date_gmt":"2014-03-21T13:53:53","guid":{"rendered":"https:\/\/www.geoplastglobal.com\/?p=716"},"modified":"2020-04-27T11:12:35","modified_gmt":"2020-04-27T11:12:35","slug":"green-building-council","status":"publish","type":"page","link":"https:\/\/www.geoplastglobal.com\/it\/green-building-council\/","title":{"rendered":"Green Building Council"},"content":{"rendered":"<div class=\"green-page\">\r\n<div class=\"background\" style=\"background-image: url('\/wp-content\/uploads\/2016\/09\/cielo.jpg');\">\r\n<div class=\"field field-name-field-image field-type-image field-label-hidden\">\r\n<div class=\"field-items\">\r\n<div class=\"field-item even\"><img decoding=\"async\" src=\"\/wp-content\/uploads\/2016\/09\/logo.png?itok=ohqCy0Fs\" \/><\/div>\r\n<\/div>\r\n<\/div>\r\n<div class=\"field field-name-field-title field-type-text field-label-hidden\">\r\n<div class=\"field-items\">\r\n<div class=\"field-item even\">Geoplast S.p.A. in Green Building Council Italia, Il Network dell&#8217;Edilizia Sostenibile.<\/div>\r\n<\/div>\r\n<\/div>\r\n<\/div>\r\n<div class=\"content centrato\">\r\n<div class=\"field-collection-container clearfix\">\r\n<div class=\"columns-wrapper three-columns\">\r\n<div class=\"column column-1\">\r\n\r\n<strong>Geoplast S.p.A.<\/strong>, azienda leader nella progettazione e realizzazione di prodotti per l\u2019edilizia sostenibile, le casseforme, il verde, il trattamento acque, lo sport e l\u2019ambiente \u00e8 socio ordinario del Green Building Council Italia.\r\n\r\nIl\u00a0<strong>Green Building Council Italy<\/strong>\u00a0\u00e8 un\u2019associazione di imprese, studi professionali associati, amministrazioni pubbliche, universit\u00e0, associazioni, enti e strutture, basata sul consenso e sulla valorizzazione dell\u2019integrazione tra competenze tecniche scientifiche e competenze operative, che persegue, attraverso lo sviluppo e l\u2019adattamento di LEED (Leadership in Energy and Environmental Design) alla realt\u00e0 italiana, l\u2019obiettivo della trasformazione del mercato in modo tale che i \u201cgreen buildings\u201d &#8211; edifici a basso impatto ambientale &#8211; divengano consuetudine e siano accettati come fattore radicato nella societ\u00e0.\r\n\r\n<\/div>\r\n<div class=\"column column-2\">\r\n<p lang=\"ru-RU\">Sempre pi\u00f9 studi di progettazione, ingegneri, architetti, facility managers, interior designers, paesaggisti, urbanisti, imprese di costruzioni, istituzioni finanziarie ed amministrazione pubbliche in tutto il mondo, usano LEED per contribuire alla sostenibilit\u00e0 ambientale tramite pratiche innovative ed eccellenti. LEED \u00e8 un riferimento essenziale per tutte le imprese che intendono operare nel mercato globale.<\/p>\r\nPer questo Geoplast S.p.A. ha deciso di condividere la filosofia e gli scopi del GBC Italia, insieme ad altri operatori di eccellenza del mercato italiano.\r\n\r\nTutti gli aderenti al GBC Italia sono leader attivi che si impegnano in prima persona, nel proprio ambito, ad operare per sviluppare e proporre prodotti ed edifici sostenibili di alto profilo ed offrire un esauriente portfolio di servizi per rispondere ai differenti bisogni\r\n\r\n<\/div>\r\n<div class=\"column column-3\">\r\n<p lang=\"ru-RU\">dell\u2019attivit\u00e0 immobiliare, coerenti con le politiche di sostenibilit\u00e0 e caratterizzati da un servizio di qualit\u00e0 superiore per la clientela.<\/p>\r\nOltre a questo, i soggetti coinvolti, favoriscono una crescita continua delle competenze dell\u2019industria edilizia nel suo insieme, migliorando i criteri prestazionali di LEED Italia e promuovendo i vantaggi dei \u201cgreen buildings\u201d durante tutto il ciclo di vita degli edifici, includendo i benefici ambientali, economici e sociali.\r\n\r\nGeoplast S.p.A., grazie a questa importante adesione, si dimostra ancora una volta attenta ai temi dell&#8217;edilizia sostenibile e al rispetto dell&#8217;ambiente. Valori forti che contraddistinguono il management aziendale e spingono a studiare e realizzare prodotti innovativi per costruire in modo efficiente con uno sguardo attento al benessere dell&#8217;uomo.\r\n\r\n<\/div>\r\n<\/div>\r\n<\/div>\r\n<div class=\"green-page-buttons\">\r\n<div class=\"btnGeo\"><a href=\"https:\/\/www.geoplastglobal.com\/wp-content\/uploads\/2016\/09\/Manifesto-Soci-GBC-Italia-Geoplast.pdf\">Manifesto soci gbc italia<\/a><\/div>\r\n<div class=\"btnGeo\"><a href=\"https:\/\/www.geoplastglobal.com\/wp-content\/uploads\/2016\/09\/Cosa-Qualifica-e-Certifica-Il-Leed.pdf\">cosa qualifica e certifica il leed<\/a><\/div>\r\n<\/div>\r\n<\/div>\r\n<div class=\"field-collection-container clearfix\">\r\n<div class=\"sections\">\r\n<div id=\"section-0\" class=\"section section-shadow\">\r\n<div class=\"centrato\">\r\n<div class=\"field-collection-container clearfix\">\r\n<div class=\"columns-wrapper one-columns\">\r\n<div class=\"column column-1\">\r\n<h4 class=\"rtecenter\" style=\"text-transform: uppercase;\">ecocompatibilit\u00c0<\/h4>\r\n<\/div>\r\n<div class=\"column column-1\"><img decoding=\"async\" class=\"media-image img__fid__4001 img__view_mode__media_original attr__format__media_original\" src=\"\/wp-content\/uploads\/2018\/08\/green-building-council.png\" alt=\"\" \/>\r\n<h4 class=\"rtecenter\" style=\"text-transform: uppercase; color: #161616;\">Con le soluzioni Geoplast la costruzione ecologica \u00e8 gi\u00e0 futuro<\/h4>\r\n<p class=\"rtecenter\"><\/p>\r\n\r\n<\/div>\r\n<div class=\"justifier\"><\/div>\r\n<\/div>\r\n<div class=\"columns-wrapper two-columns\">\r\n<div class=\"column column-1\">\r\n<div style=\"text-align: justify;\">\r\n\r\nUna costruzione ecocompatibile Geoplast si costruisce dalle fondazioni: con MODULO, GEOBLOCK, MULTIMODULO, MINIMODULO e NUOVO ELEVETOR si realizza una fondazione ventilata e monolitica che elimina l\u2019umidit\u00e0 di risalita e il gas Radon i quali, in maniera del tutto naturale, tendono a risalire dal terreno e ad entrare a contatto con l\u2019uomo, concentrandosi soprattutto nei piani bassi delle abitazioni.\r\n\r\nQuesti due elementi sono entrambi nocivi, il secondo addirittura mortale se inalato per lunghi periodi. Una fondazione monolitica, invece, garantisce solidit\u00e0 strutturale eliminando il problema delle crepe. Utilizzando DEFENDER si ottiene il totale isolamento dei muri controterra, per ambienti asciutti e salubri.\r\nTutte le murature e le colonne in calcestruzzo possono essere realizzate con i sistemi GEOTUB, GEOTUB PANEL, GEOPANEL, mentre i solai con GEOSKY (a disarmo anticipato), SKYRAIL (monodirezionali alleggeriti), SKYDOME (bidirezionali per grandi luci) utilizzando sempre casseforme in plastica ad alta resistenza, contribuendo cos\u00ec a ridurre l\u2019uso del legno in edilizia, che sta alimentando fortemente il fenomeno della deforestazione. GEOPANEL ART, sar\u00e0 il sistema ideale per la realizzazione di murature faccia a vista. Una volta arrivati al tetto, con DRAINROOF \u00e8 possibile realizzare un giardino\r\npensile, restituendo all\u2019ambiente il verde che gli era stato tolto e,\r\n\r\n<\/div>\r\n<\/div>\r\n<div class=\"column column-2\">\r\n<div style=\"text-align: justify;\">\r\n\r\ncontemporaneamente, ottenere un sottotetto pi\u00f9 fresco d\u2019estate e pi\u00f9 caldo d\u2019inverno.\r\nAbitare in modo sano per\u00f2 non significa rimanere chiusi tra le mura, ma godere di aree verdi fruibili. Realizzando i prati carrabili e parcheggi inerbiti con SALVAVERDE, GEOFLOR, RUNFLOOR GREEN si potr\u00e0 calpestare e parcheggiare in libert\u00e0 su un\u2019area verde che diversamente sarebbe stata una intoccabile e delicata aiuola o, peggio, una nera e piatta distesa di asfalto.\r\n\r\nE per pareti verdi verticali? Ecco WALL-Y, la griglia in polietilene ad alta densit\u00e0 per meravigliose pareti vegetali. Per l\u2019accumulo e la raccolta delle acque meteoriche si possono costruire vasche di accumulo e di drenaggio interrate con il sistema DRENING e NUOVO ELEVETOR TANK, eliminando stagnanti fonti di odori e di zanzare.\r\n\r\nPer i momenti di svago e divertimento ecco GRIPPER, la superficie sportiva polivalente; mentre per un sano relax, una bella pavimentazione drenante realizzata con PLASTONELLA. BIOMODULO, infine, si riveler\u00e0 il prodotto ideale per sistemi di diffusione aria per impianti di di deodorizzazione e compostaggio.\r\n\r\n<\/div>\r\n<\/div>\r\n<div class=\"justifier\"><\/div>\r\n<\/div>\r\n<\/div>\r\n<\/div>\r\n<\/div>\r\n<\/div>\r\n<\/div>\r\n<\/div>","protected":false},"excerpt":{"rendered":"<p>Geoplast S.p.A. in Green Building Council Italia, Il Network dell&#8217;Edilizia Sostenibile. Geoplast S.p.A., azienda leader nella progettazione e realizzazione di prodotti per l\u2019edilizia sostenibile, le casseforme, il verde, il trattamento acque, lo sport e l\u2019ambiente \u00e8 socio ordinario del Green Building Council Italia. Il\u00a0Green Building Council Italy\u00a0\u00e8 un\u2019associazione di imprese, [&hellip;]<\/p>\n","protected":false},"author":12,"featured_media":0,"parent":0,"menu_order":0,"comment_status":"open","ping_status":"open","template":"","meta":{"_acf_changed":false,"footnotes":""},"class_list":["post-716","page","type-page","status-publish","hentry"],"acf":[],"yoast_head":"<!-- This site is optimized with the Yoast SEO plugin v27.3 - https:\/\/yoast.com\/product\/yoast-seo-wordpress\/ -->\n<title>Geoplast \u00e8 membro del Green Building Council Italia<\/title>\n<meta name=\"description\" content=\"Geoplast S.p.A., azienda leader nella progettazione e realizzazione di prodotti per l\u2019edilizia sostenibile, le casseforme, il verde, il trattamento acque, lo sport e l\u2019ambiente \u00e8 socio ordinario del Green Building Council Italia.\" \/>\n<meta name=\"robots\" content=\"index, follow, max-snippet:-1, max-image-preview:large, max-video-preview:-1\" \/>\n<link rel=\"canonical\" href=\"https:\/\/www.geoplastglobal.com\/it\/green-building-council\/\" \/>\n<meta property=\"og:locale\" content=\"it_IT\" \/>\n<meta property=\"og:type\" content=\"article\" \/>\n<meta property=\"og:title\" content=\"Geoplast \u00e8 membro del Green Building Council Italia\" \/>\n<meta property=\"og:description\" content=\"Geoplast S.p.A., azienda leader nella progettazione e realizzazione di prodotti per l\u2019edilizia sostenibile, le casseforme, il verde, il trattamento acque, lo sport e l\u2019ambiente \u00e8 socio ordinario del Green Building Council Italia.\" \/>\n<meta property=\"og:url\" content=\"https:\/\/www.geoplastglobal.com\/it\/green-building-council\/\" \/>\n<meta property=\"og:site_name\" content=\"Geoplast\" \/>\n<meta property=\"article:publisher\" content=\"https:\/\/www.facebook.com\/geoplast\" \/>\n<meta property=\"article:modified_time\" content=\"2020-04-27T11:12:35+00:00\" \/>\n<meta property=\"og:image\" content=\"https:\/\/www.geoplastglobal.com\/wp-content\/uploads\/2016\/09\/logo.png\" \/>\n<meta name=\"twitter:card\" content=\"summary_large_image\" \/>\n<meta name=\"twitter:site\" content=\"@Geoplast\" \/>\n<meta name=\"twitter:label1\" content=\"Est. reading time\" \/>\n\t<meta name=\"twitter:data1\" content=\"4 minutes\" \/>\n<script type=\"application\/ld+json\" class=\"yoast-schema-graph\">{\"@context\":\"https:\\\/\\\/schema.org\",\"@graph\":[{\"@type\":\"WebPage\",\"@id\":\"https:\\\/\\\/www.geoplastglobal.com\\\/it\\\/green-building-council\\\/\",\"url\":\"https:\\\/\\\/www.geoplastglobal.com\\\/it\\\/green-building-council\\\/\",\"name\":\"Geoplast \u00e8 membro del Green Building Council Italia\",\"isPartOf\":{\"@id\":\"https:\\\/\\\/www.geoplastglobal.com\\\/it\\\/#website\"},\"datePublished\":\"2014-03-21T13:53:53+00:00\",\"dateModified\":\"2020-04-27T11:12:35+00:00\",\"description\":\"Geoplast S.p.A., azienda leader nella progettazione e realizzazione di prodotti per l\u2019edilizia sostenibile, le casseforme, il verde, il trattamento acque, lo sport e l\u2019ambiente \u00e8 socio ordinario del Green Building Council Italia.\",\"inLanguage\":\"it-IT\",\"potentialAction\":[{\"@type\":\"ReadAction\",\"target\":[\"https:\\\/\\\/www.geoplastglobal.com\\\/it\\\/green-building-council\\\/\"]}]},{\"@type\":\"WebSite\",\"@id\":\"https:\\\/\\\/www.geoplastglobal.com\\\/it\\\/#website\",\"url\":\"https:\\\/\\\/www.geoplastglobal.com\\\/it\\\/\",\"name\":\"Geoplast\",\"description\":\"Geoplast S.p.A.\",\"publisher\":{\"@id\":\"https:\\\/\\\/www.geoplastglobal.com\\\/it\\\/#organization\"},\"potentialAction\":[{\"@type\":\"SearchAction\",\"target\":{\"@type\":\"EntryPoint\",\"urlTemplate\":\"https:\\\/\\\/www.geoplastglobal.com\\\/it\\\/?s={search_term_string}\"},\"query-input\":{\"@type\":\"PropertyValueSpecification\",\"valueRequired\":true,\"valueName\":\"search_term_string\"}}],\"inLanguage\":\"it-IT\"},{\"@type\":\"Organization\",\"@id\":\"https:\\\/\\\/www.geoplastglobal.com\\\/it\\\/#organization\",\"name\":\"Geoplast\",\"url\":\"https:\\\/\\\/www.geoplastglobal.com\\\/it\\\/\",\"logo\":{\"@type\":\"ImageObject\",\"inLanguage\":\"it-IT\",\"@id\":\"https:\\\/\\\/www.geoplastglobal.com\\\/it\\\/#\\\/schema\\\/logo\\\/image\\\/\",\"url\":\"https:\\\/\\\/www.geoplastglobal.com\\\/wp-content\\\/uploads\\\/2016\\\/11\\\/geoplast.jpg\",\"contentUrl\":\"https:\\\/\\\/www.geoplastglobal.com\\\/wp-content\\\/uploads\\\/2016\\\/11\\\/geoplast.jpg\",\"width\":1644,\"height\":1030,\"caption\":\"Geoplast\"},\"image\":{\"@id\":\"https:\\\/\\\/www.geoplastglobal.com\\\/it\\\/#\\\/schema\\\/logo\\\/image\\\/\"},\"sameAs\":[\"https:\\\/\\\/www.facebook.com\\\/geoplast\",\"https:\\\/\\\/x.com\\\/Geoplast\",\"https:\\\/\\\/www.linkedin.com\\\/company\\\/geoplast-spa\",\"https:\\\/\\\/www.youtube.com\\\/user\\\/GEOPLASTspa\"]}]}<\/script>\n<!-- \/ Yoast SEO plugin. -->","yoast_head_json":{"title":"Geoplast \u00e8 membro del Green Building Council Italia","description":"Geoplast S.p.A., azienda leader nella progettazione e realizzazione di prodotti per l\u2019edilizia sostenibile, le casseforme, il verde, il trattamento acque, lo sport e l\u2019ambiente \u00e8 socio ordinario del Green Building Council Italia.","robots":{"index":"index","follow":"follow","max-snippet":"max-snippet:-1","max-image-preview":"max-image-preview:large","max-video-preview":"max-video-preview:-1"},"canonical":"https:\/\/www.geoplastglobal.com\/it\/green-building-council\/","og_locale":"it_IT","og_type":"article","og_title":"Geoplast \u00e8 membro del Green Building Council Italia","og_description":"Geoplast S.p.A., azienda leader nella progettazione e realizzazione di prodotti per l\u2019edilizia sostenibile, le casseforme, il verde, il trattamento acque, lo sport e l\u2019ambiente \u00e8 socio ordinario del Green Building Council Italia.","og_url":"https:\/\/www.geoplastglobal.com\/it\/green-building-council\/","og_site_name":"Geoplast","article_publisher":"https:\/\/www.facebook.com\/geoplast","article_modified_time":"2020-04-27T11:12:35+00:00","og_image":[{"url":"https:\/\/www.geoplastglobal.com\/wp-content\/uploads\/2016\/09\/logo.png","type":"","width":"","height":""}],"twitter_card":"summary_large_image","twitter_site":"@Geoplast","twitter_misc":{"Est. reading time":"4 minutes"},"schema":{"@context":"https:\/\/schema.org","@graph":[{"@type":"WebPage","@id":"https:\/\/www.geoplastglobal.com\/it\/green-building-council\/","url":"https:\/\/www.geoplastglobal.com\/it\/green-building-council\/","name":"Geoplast \u00e8 membro del Green Building Council Italia","isPartOf":{"@id":"https:\/\/www.geoplastglobal.com\/it\/#website"},"datePublished":"2014-03-21T13:53:53+00:00","dateModified":"2020-04-27T11:12:35+00:00","description":"Geoplast S.p.A., azienda leader nella progettazione e realizzazione di prodotti per l\u2019edilizia sostenibile, le casseforme, il verde, il trattamento acque, lo sport e l\u2019ambiente \u00e8 socio ordinario del Green Building Council Italia.","inLanguage":"it-IT","potentialAction":[{"@type":"ReadAction","target":["https:\/\/www.geoplastglobal.com\/it\/green-building-council\/"]}]},{"@type":"WebSite","@id":"https:\/\/www.geoplastglobal.com\/it\/#website","url":"https:\/\/www.geoplastglobal.com\/it\/","name":"Geoplast","description":"Geoplast S.p.A.","publisher":{"@id":"https:\/\/www.geoplastglobal.com\/it\/#organization"},"potentialAction":[{"@type":"SearchAction","target":{"@type":"EntryPoint","urlTemplate":"https:\/\/www.geoplastglobal.com\/it\/?s={search_term_string}"},"query-input":{"@type":"PropertyValueSpecification","valueRequired":true,"valueName":"search_term_string"}}],"inLanguage":"it-IT"},{"@type":"Organization","@id":"https:\/\/www.geoplastglobal.com\/it\/#organization","name":"Geoplast","url":"https:\/\/www.geoplastglobal.com\/it\/","logo":{"@type":"ImageObject","inLanguage":"it-IT","@id":"https:\/\/www.geoplastglobal.com\/it\/#\/schema\/logo\/image\/","url":"https:\/\/www.geoplastglobal.com\/wp-content\/uploads\/2016\/11\/geoplast.jpg","contentUrl":"https:\/\/www.geoplastglobal.com\/wp-content\/uploads\/2016\/11\/geoplast.jpg","width":1644,"height":1030,"caption":"Geoplast"},"image":{"@id":"https:\/\/www.geoplastglobal.com\/it\/#\/schema\/logo\/image\/"},"sameAs":["https:\/\/www.facebook.com\/geoplast","https:\/\/x.com\/Geoplast","https:\/\/www.linkedin.com\/company\/geoplast-spa","https:\/\/www.youtube.com\/user\/GEOPLASTspa"]}]}},"_links":{"self":[{"href":"https:\/\/www.geoplastglobal.com\/it\/wp-json\/wp\/v2\/pages\/716","targetHints":{"allow":["GET"]}}],"collection":[{"href":"https:\/\/www.geoplastglobal.com\/it\/wp-json\/wp\/v2\/pages"}],"about":[{"href":"https:\/\/www.geoplastglobal.com\/it\/wp-json\/wp\/v2\/types\/page"}],"author":[{"embeddable":true,"href":"https:\/\/www.geoplastglobal.com\/it\/wp-json\/wp\/v2\/users\/12"}],"replies":[{"embeddable":true,"href":"https:\/\/www.geoplastglobal.com\/it\/wp-json\/wp\/v2\/comments?post=716"}],"version-history":[{"count":13,"href":"https:\/\/www.geoplastglobal.com\/it\/wp-json\/wp\/v2\/pages\/716\/revisions"}],"predecessor-version":[{"id":135618,"href":"https:\/\/www.geoplastglobal.com\/it\/wp-json\/wp\/v2\/pages\/716\/revisions\/135618"}],"wp:attachment":[{"href":"https:\/\/www.geoplastglobal.com\/it\/wp-json\/wp\/v2\/media?parent=716"}],"curies":[{"name":"wp","href":"https:\/\/api.w.org\/{rel}","templated":true}]}}