
{"id":3996,"date":"2014-10-21T14:41:00","date_gmt":"2014-10-21T14:41:00","guid":{"rendered":"https:\/\/www.geoplastglobal.com\/?p=3996"},"modified":"2025-10-28T07:45:06","modified_gmt":"2025-10-28T07:45:06","slug":"condizioni-di-fornitura","status":"publish","type":"page","link":"https:\/\/www.geoplastglobal.com\/it\/condizioni-di-fornitura\/","title":{"rendered":"Condizioni di fornitura"},"content":{"rendered":"<h2 class=\"title\">Condizioni di fornitura<\/h2>\r\n&nbsp;\r\n<p style=\"text-align: left;\"><strong>Art. 1 Ordine<\/strong><\/p>\r\n<p style=\"text-align: left;\">Le presenti Condizioni Generali di vendita ove non espressamente derogate per iscritto da Geoplast SpA, regolano tutte le forniture di merce. Tali condizioni generali di Vendita oltre a costituire parte integrante di ogni offerta o conferma d\u2019ordine, prevalgono su ogni altra clausola difforme inserita in moduli od altri documenti predisposti dalle Parti o dal Cliente.\r\nTutti gli ordini vanno inoltrati per lettera, fax o e-mail.\r\nGeoplast ha la facolt\u00e0 di accettare o meno ordini trasmessi telefonicamente.\r\nGli ordini si intendono perfezionati solamente con l\u2019accettazione per iscritto da parte del Committente della conferma d\u2019ordine. Qualora tale conferma non sia oggetto di modifica da parte del committente entro le 12 ore seguenti la notifica, le condizioni ivi riportate saranno da considerarsi tacitamente accettate.<\/p>\r\n<p style=\"text-align: left;\"><strong>Art. 2 Prezzi<\/strong><\/p>\r\n<p style=\"text-align: left;\">I prezzi esposti si intendono al netto di I.V.A. Salvo diversa indicazione contenuta nella conferma d\u2019ordine, i prezzi per ciascun prodotto sono quelli risultanti dal listino prezzi Geoplast SpA in vigore al momento dell\u2019ordine. \r\nQualora non sia stato diversamente pattuito tra le parti, le vendite si intendono franco magazzino Geoplast SpA. I prezzi riportati escludono ogni assistenza al montaggio e collaudo dei materiali che non siano stati esplicitamente concordati.<\/p>\r\n<p style=\"text-align: left;\"><strong>Art. 3 Spedizioni<\/strong><\/p>\r\n<p style=\"text-align: left;\">La merce viaggia a rischio e pericolo del Committente, anche quando il prezzo sia stato convenuto franco destino.<\/p>\r\n<p style=\"text-align: left;\"><strong>Art. 4 Termini di consegna<\/strong><\/p>\r\n<p style=\"text-align: left;\">I termini di consegna indicati nella conferma d\u2019ordine si intendono computati in giorni lavorativi e non rivestono carattere essenziale. Qualora sia previsto un anticipo all\u2019ordine i termini di consegna inizieranno a decorrere dal ricevimento dell\u2019anticipo.<\/p>\r\n<p style=\"text-align: left;\"><strong>Art. 5 Vizi di consegna<\/strong><\/p>\r\n<p style=\"text-align: left;\">Gli eventuali reclami riguardanti la fornitura delle merci dovranno essere immediatamente notificati al trasportatore, mediante riserva sul Documento Di Trasporto.<\/p>\r\n<p style=\"text-align: left;\"><strong>Art. 6 Vizi di applicazione<\/strong><\/p>\r\n<p style=\"text-align: left;\">Nessuna garanzia viene data in caso di errato o utilizzo diverso dalle indicazioni specificate nella documentazione tecnica dei prodotti forniti.\r\n    In caso di impiego errato, errori di posa o utilizzo dei prodotti difforme da quanto contenuto nella documentazione tecnico-commerciale, Geoplast declina ogni addebito ed ogni responsabilit\u00e0.<\/p>\r\n<p style=\"text-align: left;\"><strong>Art. 7 Assistenza Tecnica<\/strong><\/p>\r\n<p style=\"text-align: left;\">Geoplast su richiesta \u00e8 in grado di elaborare lo sviluppo tecnico per il dimensionamento del materiale necessario alla realizzazione dell\u2019opera.\r\n    I quantitativi calcolati sono da considerarsi puramente indicativi e dovranno essere verificati dal committente prima della conferma d\u2019ordine. Non verranno accettati resi per la merce in eccesso e per l\u2019invio di materiale mancante verranno applicate le normali condizioni di vendita, comprensive delle spese di trasporto.<\/p>\r\n<p style=\"text-align: left;\"><strong>Art. 8 Vizi di materiale<\/strong><\/p>\r\n<p style=\"text-align: left;\">Qualsiasi vizio della merce consegnata al Cliente dovr\u00e0 essere denunciata per iscritto a Geoplast SpA entro cinque giorni dalla data di avvenuta consegna. Qualora la contestazione non venga comunicata entro il predetto termine, la merce consegnata sar\u00e0 da considerarsi conforme a quella ordinata dal Cliente e\/o esente da qualsivoglia vizio. Il ogni caso, l\u2019invio della contestazione non pu\u00f2 comportare le sospensioni dei pagamenti.<\/p>\r\n<p style=\"text-align: left;\"><strong>Art. 9 Restituzione del materiale<\/strong><\/p>\r\n<p style=\"text-align: left;\">Non si accettano resi se non autorizzati dalla Sede di Geoplast.\r\n    Il reso potr\u00e0 riguardare esclusivamente elementi standard e non materiale personalizzato su richiesta. Il materiale dovr\u00e0 essere restituito franco nostra sede con imballo originale ed intero.\r\n    Qualora il materiale richieda interventi da parte di Geoplast per approntarlo nel corretto imballo di vendita, provvederemo a scorporare gli ulteriori oneri di riconfezionamento sostenuti. La restituzione deve essere sempre accompagnata dal rimborso delle spese fiscali e amministrative pari al 50% del valore del reso pi\u00f9 eventuali oneri di riconfezionamento.<\/p>\r\n<p style=\"text-align: left;\"><strong>Art. 10 Sospensione fornitura<\/strong><\/p>\r\n<p style=\"text-align: left;\">Geoplast si riserva il diritto di sospendere le consegne qualora il committente non effettui anche un solo pagamento alla scadenza stabilita. A titolo di penale resta comunque acquisito quanto versato dal committente al momento dell\u2019ordine.<\/p>\r\n<p style=\"text-align: left;\"><strong>Art. 11 Riserva di dominio<\/strong><\/p>\r\n<p style=\"text-align: left;\">La vendita della merce \u00e8 effettuata con riserva di propriet\u00e0 che passer\u00e0 al committente solo al momento del saldo della fornitura. I rischi vengono comunque assunti dal committente al momento della consegna.<\/p>\r\n<p style=\"text-align: left;\"><strong>Art. 12 Variazioni di listino<\/strong><\/p>\r\n<p style=\"text-align: left;\">Geoplast si riserva la possibilit\u00e0 di variare i prezzi di listino anche senza preavviso.<\/p>\r\n<p style=\"text-align: left;\"><strong>Art. 13 Pagamenti<\/strong><\/p>\r\n<p style=\"text-align: left;\">In caso di mancato o ritardato pagamento, anche parziale, matureranno interessi al tasso di mora come previsto per le transazioni commerciali dal D.Lgs. n.231\/2002 e successive modifiche.\r\nIn ogni caso di pagamenti rateizzati, il mancato pagamento anche di una sola rata comporter\u00e0 per l\u2019acquirente la decadenza del beneficio del termine ai sensi e per effetti di cui all\u2019art. 1186 c.c, fatto salvo il diritto al risarcimento del danno.\r\nL&#8217;accettazione delle condizioni di pagamento dilazionato \u00e8 espressamente subordinata al buon esito della verifica della copertura assicurativa del credito del compratore da parte del venditore. Pertanto, il venditore si riserva il diritto di confermare o rifiutare il contratto di vendita sulla base dell&#8217;esito di tale verifica.<\/p>\r\n<p style=\"text-align: left;\"><strong>Art. 14 Ritardo ritiro merce<\/strong><\/p>\r\n<p style=\"text-align: left;\">Il materiale dovr\u00e0 essere ritirato entro le date concordate inserite in conferma d&#8217;ordine o fattura proforma. In caso di ritardo nel ritiro imputabile al cliente, Geoplast ha la facolt\u00e0 di addebitare un costo di immagazzinaggio di 5 euro per bancale per mese o frazione di mese. Tale costo sar\u00e0 calcolato a partire dal trentesimo giorno di ritardo.<\/p>\r\n<p style=\"text-align: left;\"><strong>Art. 15 Informativa sulla Privacy<\/strong><\/p>\r\n<p style=\"text-align: left;\">\r\n\r\nAi sensi del Regolamento UE 2016\/679 (\u201cGDPR\u201d) e del D.Lgs. 196\/2003, come modificato dal D.Lgs. 101\/2018, i dati personali raccolti saranno trattati per adempiere agli obblighi contrattuali e di legge connessi, quali la raccolta di informazioni precontrattuali, la valutazione economico-finanziaria, la verifica dei mezzi di pagamento e l\u2019invio di comunicazioni commerciali e promozionali, ove consentito.\r\nIl conferimento dei dati \u00e8 facoltativo, ma l\u2019eventuale rifiuto pu\u00f2 comportare l\u2019impossibilit\u00e0 di dare esecuzione al contratto.\r\nIl trattamento si fonda sulle basi giuridiche previste dagli artt. 6 e seguenti del GDPR.\r\nTitolare del trattamento \u00e8 Geoplast S.p.A., Via Martiri della Libert\u00e0, 35010 Grantorto (PD) \u2013 Italia.<\/p>\r\n<p style=\"text-align: left;\"><strong>Art. 16 Controversie<\/strong><\/p>\r\n<p style=\"text-align: left;\">Eventuali controversie, anche con societ\u00e0 estere, sono regolate dalla legislazione italiana. Per qualsiasi controversia sar\u00e0 competente esclusivamente il foro di Padova.<\/p>\r\n&nbsp;\r\n\r\n&nbsp;\r\n<p style=\"text-align: center;\"><strong>Aggiornato il 02 Ottobre 2025<\/strong><\/p>\r\n&nbsp;\r\n<h2 class=\"title\">PROTOCOLLO DI CARICO<\/h2>\r\n&nbsp;\r\n\r\nFacendo seguito alla pubblicazione del D.L. 21 maggio 2025 n. 73 (convertito con modificazioni nella Legge 18 luglio 2025 n. 105) che ha modificato l\u2019art. 6-bis del D.Lgs. 286\/2005 in materia di tempi di attesa per carico e scarico, <strong>prendiamo atto della normativa vigente<\/strong> e, al fine di garantire una corretta pianificazione delle attivit\u00e0 di carico, comunichiamo quanto segue:\r\n\r\n<strong>1. Orari di carico<\/strong>\r\n\r\nI nostri orari di magazzino carico\/scarico sono attualmente:\r\n<ul style=\"padding-left: 30px;font-size: 15px;\">\r\n<li><strong>Mattina 08:00 \u2013 12:00<\/strong>  &#8211;  non si garantisce il carico in mattinata per arrivi dopo le 11:00.<\/li>\r\n<li><strong>Pomeriggio 14:00 \u2013 17:30<\/strong>  &#8211; non si garantisce il carico entro la giornata per arrivi dopo le 16:30.<\/li>\r\n<\/ul>\r\n\r\n<strong>2. Prenotazione slot<\/strong>\r\n\r\n<ul style=\"padding-left: 30px;font-size: 15px;\">\r\n<li>Il vettore dovr\u00e0 fissare <strong>obbligatoriamente uno slot di carico<\/strong> inviando una richiesta all\u2019indirizzo <a href=\"mailto:export@geoplastglobal.com\">export@geoplastglobal.com<\/a> per spedizioni internazionali o <a href=\"mailto:info@geoplastglobal.com\">info@geoplastglobal.com<\/a> per spedizioni nazionali, che dovr\u00e0 essere confermata (o attraverso altro sistema da noi indicato).<\/li>\r\n<li>Il tempo di franchigia di 90 minuti decorrer\u00e0 dall\u2019orario confermato.<\/li>\r\n<\/ul>\r\n\r\n<strong>3. Gestione dei ritardi<\/strong>\r\n\r\n<ul style=\"padding-left: 30px;font-size: 15px;\">\r\n<li>Se il vettore si presenta con un <strong>ritardo inferiore a 30 minuti<\/strong> rispetto allo slot confermato, il carico sar\u00e0 accettato ma la <strong>franchigia decorrer\u00e0 dall\u2019orario effettivo di accettazione<\/strong>. Fermo restando l\u2019orario massimo di arrivo al mattino e al pomeriggio.<\/li>\r\n<li>Se il ritardo supera i 30 minuti, l\u2019arrivo sar\u00e0 considerato <strong>come privo di prenotazione<\/strong> e si applicheranno le regole indicate al punto 4.<\/li>\r\n<\/ul>\r\n\r\n<strong>4. Arrivo senza prenotazione o con ritardo superiore a 30 minuti<\/strong>\r\n\r\n<ul style=\"padding-left: 30px;font-size: 15px;\">\r\n<li>In caso di arrivo <strong>senza prenotazione<\/strong> o di ritardo oltre i 30 minuti, ci riserviamo di procedere al carico <strong>solo se operativo compatibile e solo previo consenso del vettore ad attendere<\/strong> senza diritto a indennizzo per l\u2019eventuale tempo di attesa eccedente la franchigia.<\/li>\r\n<li>In mancanza di tale accettazione scritta, <strong>ci vedremo costretti a rifiutare il carico<\/strong> e ad assegnare un nuovo slot in data\/ora successiva disponibile.<\/li>\r\n<\/ul>\r\n\r\n<strong>5. Registrazione orari e arrivo valido per la franchigia orari<\/strong>\r\n\r\n<ul style=\"padding-left: 30px;font-size: 15px;\">\r\n<li>All\u2019arrivo, l\u2019orario di ingresso e di inizio\/fine carico verranno registrati in accettazione e costituiranno prova ai fini dell\u2019applicazione delle regole sopra indicate.<\/li>\r\n<li>Ai fini della decorrenza del periodo di franchigia di 90 minuti, l\u2019autista in fase di accettazione deve essere in grado di fornire indicazioni chiare e precise sull\u2019incarico di trasporto per il quale si presenta. Fino a quel momento, ogni attesa non verr\u00e0 computata come decorso della franchigia.<\/li>\r\n<\/ul>\r\n\r\nConfidiamo nella collaborazione di tutti i vettori per garantire un flusso ordinato e ridurre i tempi di attesa reciproci.\r\n&nbsp;\r\n\r\n&nbsp;\r\n<p style=\"text-align: center;\"><strong>Aggiornato il 01 Settembre 2025<\/strong><\/p>\r\n","protected":false},"excerpt":{"rendered":"<p>Condizioni di fornitura &nbsp; Art. 1 Ordine Le presenti Condizioni Generali di vendita ove non espressamente derogate per iscritto da Geoplast SpA, regolano tutte le forniture di merce. Tali condizioni generali di Vendita oltre a costituire parte integrante di ogni offerta o conferma d\u2019ordine, prevalgono su ogni altra clausola difforme [&hellip;]<\/p>\n","protected":false},"author":12,"featured_media":0,"parent":0,"menu_order":0,"comment_status":"open","ping_status":"open","template":"page-law.php","meta":{"_acf_changed":false,"footnotes":""},"class_list":["post-3996","page","type-page","status-publish","hentry"],"acf":[],"yoast_head":"<!-- This site is optimized with the Yoast SEO plugin v27.3 - https:\/\/yoast.com\/product\/yoast-seo-wordpress\/ -->\n<title>Condizioni di fornitura &#8211; Geoplast<\/title>\n<meta name=\"description\" content=\"Art. 1 Ordine Le presenti Condizioni Generali di vendita ove non espressamente derogate per iscritto da Geoplast SpA, regolano tutte le forniture di merce.\" \/>\n<meta name=\"robots\" content=\"index, follow, max-snippet:-1, max-image-preview:large, max-video-preview:-1\" \/>\n<link rel=\"canonical\" href=\"https:\/\/www.geoplastglobal.com\/it\/condizioni-di-fornitura\/\" \/>\n<meta property=\"og:locale\" content=\"it_IT\" \/>\n<meta property=\"og:type\" content=\"article\" \/>\n<meta property=\"og:title\" content=\"Condizioni di fornitura &#8211; Geoplast\" \/>\n<meta property=\"og:description\" content=\"Art. 1 Ordine Le presenti Condizioni Generali di vendita ove non espressamente derogate per iscritto da Geoplast SpA, regolano tutte le forniture di merce.\" \/>\n<meta property=\"og:url\" content=\"https:\/\/www.geoplastglobal.com\/it\/condizioni-di-fornitura\/\" \/>\n<meta property=\"og:site_name\" content=\"Geoplast\" \/>\n<meta property=\"article:publisher\" content=\"https:\/\/www.facebook.com\/geoplast\" \/>\n<meta property=\"article:modified_time\" content=\"2025-10-28T07:45:06+00:00\" \/>\n<meta property=\"og:image\" content=\"https:\/\/www.geoplastglobal.com\/wp-content\/uploads\/2021\/07\/Geoplast-Facebook.jpg\" \/>\n\t<meta property=\"og:image:width\" content=\"1240\" \/>\n\t<meta property=\"og:image:height\" content=\"500\" \/>\n\t<meta property=\"og:image:type\" content=\"image\/jpeg\" \/>\n<meta name=\"twitter:card\" content=\"summary_large_image\" \/>\n<meta name=\"twitter:site\" content=\"@Geoplast\" \/>\n<meta name=\"twitter:label1\" content=\"Est. reading time\" \/>\n\t<meta name=\"twitter:data1\" content=\"6 minutes\" \/>\n<script type=\"application\/ld+json\" class=\"yoast-schema-graph\">{\"@context\":\"https:\\\/\\\/schema.org\",\"@graph\":[{\"@type\":\"WebPage\",\"@id\":\"https:\\\/\\\/www.geoplastglobal.com\\\/it\\\/condizioni-di-fornitura\\\/\",\"url\":\"https:\\\/\\\/www.geoplastglobal.com\\\/it\\\/condizioni-di-fornitura\\\/\",\"name\":\"Condizioni di fornitura &#8211; Geoplast\",\"isPartOf\":{\"@id\":\"https:\\\/\\\/www.geoplastglobal.com\\\/it\\\/#website\"},\"datePublished\":\"2014-10-21T14:41:00+00:00\",\"dateModified\":\"2025-10-28T07:45:06+00:00\",\"description\":\"Art. 1 Ordine Le presenti Condizioni Generali di vendita ove non espressamente derogate per iscritto da Geoplast SpA, regolano tutte le forniture di merce.\",\"inLanguage\":\"it-IT\",\"potentialAction\":[{\"@type\":\"ReadAction\",\"target\":[\"https:\\\/\\\/www.geoplastglobal.com\\\/it\\\/condizioni-di-fornitura\\\/\"]}]},{\"@type\":\"WebSite\",\"@id\":\"https:\\\/\\\/www.geoplastglobal.com\\\/it\\\/#website\",\"url\":\"https:\\\/\\\/www.geoplastglobal.com\\\/it\\\/\",\"name\":\"Geoplast\",\"description\":\"Geoplast S.p.A.\",\"publisher\":{\"@id\":\"https:\\\/\\\/www.geoplastglobal.com\\\/it\\\/#organization\"},\"potentialAction\":[{\"@type\":\"SearchAction\",\"target\":{\"@type\":\"EntryPoint\",\"urlTemplate\":\"https:\\\/\\\/www.geoplastglobal.com\\\/it\\\/?s={search_term_string}\"},\"query-input\":{\"@type\":\"PropertyValueSpecification\",\"valueRequired\":true,\"valueName\":\"search_term_string\"}}],\"inLanguage\":\"it-IT\"},{\"@type\":\"Organization\",\"@id\":\"https:\\\/\\\/www.geoplastglobal.com\\\/it\\\/#organization\",\"name\":\"Geoplast\",\"url\":\"https:\\\/\\\/www.geoplastglobal.com\\\/it\\\/\",\"logo\":{\"@type\":\"ImageObject\",\"inLanguage\":\"it-IT\",\"@id\":\"https:\\\/\\\/www.geoplastglobal.com\\\/it\\\/#\\\/schema\\\/logo\\\/image\\\/\",\"url\":\"https:\\\/\\\/www.geoplastglobal.com\\\/wp-content\\\/uploads\\\/2016\\\/11\\\/geoplast.jpg\",\"contentUrl\":\"https:\\\/\\\/www.geoplastglobal.com\\\/wp-content\\\/uploads\\\/2016\\\/11\\\/geoplast.jpg\",\"width\":1644,\"height\":1030,\"caption\":\"Geoplast\"},\"image\":{\"@id\":\"https:\\\/\\\/www.geoplastglobal.com\\\/it\\\/#\\\/schema\\\/logo\\\/image\\\/\"},\"sameAs\":[\"https:\\\/\\\/www.facebook.com\\\/geoplast\",\"https:\\\/\\\/x.com\\\/Geoplast\",\"https:\\\/\\\/www.linkedin.com\\\/company\\\/geoplast-spa\",\"https:\\\/\\\/www.youtube.com\\\/user\\\/GEOPLASTspa\"]}]}<\/script>\n<!-- \/ Yoast SEO plugin. -->","yoast_head_json":{"title":"Condizioni di fornitura &#8211; Geoplast","description":"Art. 1 Ordine Le presenti Condizioni Generali di vendita ove non espressamente derogate per iscritto da Geoplast SpA, regolano tutte le forniture di merce.","robots":{"index":"index","follow":"follow","max-snippet":"max-snippet:-1","max-image-preview":"max-image-preview:large","max-video-preview":"max-video-preview:-1"},"canonical":"https:\/\/www.geoplastglobal.com\/it\/condizioni-di-fornitura\/","og_locale":"it_IT","og_type":"article","og_title":"Condizioni di fornitura &#8211; Geoplast","og_description":"Art. 1 Ordine Le presenti Condizioni Generali di vendita ove non espressamente derogate per iscritto da Geoplast SpA, regolano tutte le forniture di merce.","og_url":"https:\/\/www.geoplastglobal.com\/it\/condizioni-di-fornitura\/","og_site_name":"Geoplast","article_publisher":"https:\/\/www.facebook.com\/geoplast","article_modified_time":"2025-10-28T07:45:06+00:00","og_image":[{"width":1240,"height":500,"url":"https:\/\/www.geoplastglobal.com\/wp-content\/uploads\/2021\/07\/Geoplast-Facebook.jpg","type":"image\/jpeg"}],"twitter_card":"summary_large_image","twitter_site":"@Geoplast","twitter_misc":{"Est. reading time":"6 minutes"},"schema":{"@context":"https:\/\/schema.org","@graph":[{"@type":"WebPage","@id":"https:\/\/www.geoplastglobal.com\/it\/condizioni-di-fornitura\/","url":"https:\/\/www.geoplastglobal.com\/it\/condizioni-di-fornitura\/","name":"Condizioni di fornitura &#8211; Geoplast","isPartOf":{"@id":"https:\/\/www.geoplastglobal.com\/it\/#website"},"datePublished":"2014-10-21T14:41:00+00:00","dateModified":"2025-10-28T07:45:06+00:00","description":"Art. 1 Ordine Le presenti Condizioni Generali di vendita ove non espressamente derogate per iscritto da Geoplast SpA, regolano tutte le forniture di merce.","inLanguage":"it-IT","potentialAction":[{"@type":"ReadAction","target":["https:\/\/www.geoplastglobal.com\/it\/condizioni-di-fornitura\/"]}]},{"@type":"WebSite","@id":"https:\/\/www.geoplastglobal.com\/it\/#website","url":"https:\/\/www.geoplastglobal.com\/it\/","name":"Geoplast","description":"Geoplast S.p.A.","publisher":{"@id":"https:\/\/www.geoplastglobal.com\/it\/#organization"},"potentialAction":[{"@type":"SearchAction","target":{"@type":"EntryPoint","urlTemplate":"https:\/\/www.geoplastglobal.com\/it\/?s={search_term_string}"},"query-input":{"@type":"PropertyValueSpecification","valueRequired":true,"valueName":"search_term_string"}}],"inLanguage":"it-IT"},{"@type":"Organization","@id":"https:\/\/www.geoplastglobal.com\/it\/#organization","name":"Geoplast","url":"https:\/\/www.geoplastglobal.com\/it\/","logo":{"@type":"ImageObject","inLanguage":"it-IT","@id":"https:\/\/www.geoplastglobal.com\/it\/#\/schema\/logo\/image\/","url":"https:\/\/www.geoplastglobal.com\/wp-content\/uploads\/2016\/11\/geoplast.jpg","contentUrl":"https:\/\/www.geoplastglobal.com\/wp-content\/uploads\/2016\/11\/geoplast.jpg","width":1644,"height":1030,"caption":"Geoplast"},"image":{"@id":"https:\/\/www.geoplastglobal.com\/it\/#\/schema\/logo\/image\/"},"sameAs":["https:\/\/www.facebook.com\/geoplast","https:\/\/x.com\/Geoplast","https:\/\/www.linkedin.com\/company\/geoplast-spa","https:\/\/www.youtube.com\/user\/GEOPLASTspa"]}]}},"_links":{"self":[{"href":"https:\/\/www.geoplastglobal.com\/it\/wp-json\/wp\/v2\/pages\/3996","targetHints":{"allow":["GET"]}}],"collection":[{"href":"https:\/\/www.geoplastglobal.com\/it\/wp-json\/wp\/v2\/pages"}],"about":[{"href":"https:\/\/www.geoplastglobal.com\/it\/wp-json\/wp\/v2\/types\/page"}],"author":[{"embeddable":true,"href":"https:\/\/www.geoplastglobal.com\/it\/wp-json\/wp\/v2\/users\/12"}],"replies":[{"embeddable":true,"href":"https:\/\/www.geoplastglobal.com\/it\/wp-json\/wp\/v2\/comments?post=3996"}],"version-history":[{"count":23,"href":"https:\/\/www.geoplastglobal.com\/it\/wp-json\/wp\/v2\/pages\/3996\/revisions"}],"predecessor-version":[{"id":212608,"href":"https:\/\/www.geoplastglobal.com\/it\/wp-json\/wp\/v2\/pages\/3996\/revisions\/212608"}],"wp:attachment":[{"href":"https:\/\/www.geoplastglobal.com\/it\/wp-json\/wp\/v2\/media?parent=3996"}],"curies":[{"name":"wp","href":"https:\/\/api.w.org\/{rel}","templated":true}]}}