
{"id":3995,"date":"2014-10-21T14:39:56","date_gmt":"2014-10-21T14:39:56","guid":{"rendered":"https:\/\/www.geoplastglobal.com\/?p=3995"},"modified":"2025-01-14T08:20:05","modified_gmt":"2025-01-14T08:20:05","slug":"termini-di-utilizzo","status":"publish","type":"page","link":"https:\/\/www.geoplastglobal.com\/it\/termini-di-utilizzo\/","title":{"rendered":"Termini di utilizzo"},"content":{"rendered":"<h2 class=\"title\">Termini di utilizzo<\/h2>\r\n<h3 style=\"text-align: center;\">Condizioni e termini di utilizzo del sito web &#8220;www.geoplastglobal.com&#8221;<\/h3>\r\n<p style=\"text-align: left;\">L&#8217;accesso al sito \u00e8 gratuito. Il Sito ha carattere puramente informativo. GEOPLAST S.p.A., unico titolare del presente sito, ha l&#8217;esclusivo e insindacabile diritto di modificare, in tutto o in parte, senza alcun preavviso e a propria assoluta discrezione, il contenuto, le immagini, i termini e\/o le condizioni di accesso al Sito. GEOPLAST S.p.A. potr\u00e0 pertanto in qualunque momento intervenire sul Sito al fine, puramente esemplificativo, di modificarne i contenuti, sospenderne l&#8217;accesso ovvero effettuarne la disconnessione sia nei confronti di ciascun Utilizzatore (d&#8217;ora in poi &#8220;l&#8217;Utente&#8221;) sia nei riguardi della generalit\u00e0 dei medesimi.<\/p>\r\n<p style=\"text-align: left;\"><strong>PROPRIET\u00c0 INTELLETTUALE<\/strong><\/p>\r\n<p style=\"text-align: left;\">1. \u00c8 vietata con qualsiasi mezzo analogico o digitale la riproduzione totale o parziale del Sito e\/o dei suoi contenuti senza il consenso scritto dell&#8217;Autore.<\/p>\r\n<p style=\"text-align: left;\">2. Tutti i diritti di autore e di propriet\u00e0 intellettuale relativi alla configurazione e all&#8217;organizzazione nonch\u00e9 ai contenuti del Sito appartengono in via esclusiva alla ditta GEOPLAST S.p.A. &#8211; Via Martiri della Libert\u00e0 6\/8, 35010 Grantorto (Padova) ITALY &#8211; salvo diversamente indicato.<\/p>\r\n<p style=\"text-align: left;\">3. Il materiale e le informazioni fornite da GEOPLAST S.p.A. sono rese accessibili all&#8217;Utente esclusivamente per il proprio uso personale.<\/p>\r\n<p style=\"text-align: left;\">4. Sono consentite citazioni parziali a titolo di cronaca, critica o recensione, purch\u00e9 accompagnate dall&#8217;indicazione della fonte GEOPLAST S.p.A., compresa la URL &#8220;www.GEOPLAST.it&#8221;. GEOPLAST S.p.A. si riserva il diritto di riprodurre i testi in altre pubblicazioni e\/o programmi.<\/p>\r\n<p style=\"text-align: left;\"><strong>RESPONSABILIT\u00c0<\/strong><\/p>\r\n<p style=\"text-align: left;\">1. La responsabilit\u00e0 della navigazione sul Sito \u00e8 totalmente a carico dell&#8217;Utente. GEOPLAST S.p.A. non riconosce nessuna garanzia, sia espressa o implicita, in relazione al Sito ed al suo contenuto, anche sul piano della completezza, accuratezza e qualit\u00e0.<\/p>\r\n<p style=\"text-align: left;\">2. L&#8217;Utente del Sito accetta che:<\/p>\r\n<p style=\"text-align: left;\">(a) \u00e8 tecnicamente impossibile fornire un Sito privo di difetti, e che GEOPLAST S.p.A. non si assume tale responsabilit\u00e0;<\/p>\r\n<p style=\"text-align: left;\">(b) il Sito potrebbe essere temporaneamente inaccessibile;<\/p>\r\n<p style=\"text-align: left;\">(c) il funzionamento del Sito potrebbe risentire di condizioni e prestazioni fuori del controllo di GEOPLAST S.p.A.;<\/p>\r\n<p style=\"text-align: left;\">(d) GEOPLAST S.p.A. non \u00e8 responsabile per il materiale, i contenuti e\/o le informazioni forniti attraverso il Sito nonch\u00e9 per gli argomenti o le condotte assunte dall&#8217;Utente durante la navigazione nel Sito;<\/p>\r\n<p style=\"text-align: left;\">(e) GEOPLAST S.p.A. non esercita alcun controllo, n\u00e9 preventivo n\u00e9 posteriore, sui materiali e\/o temi introdotti e\/o trattati dall&#8217;Utente;<\/p>\r\n<p style=\"text-align: left;\">(f) GEOPLAST S.p.A. non si assume alcuna responsabilit\u00e0 relativamente alla trasmissione sull&#8217;elaboratore dell&#8217;Utente di eventuali virus.<\/p>\r\n<p style=\"text-align: left;\"><strong>DISCLAIMER<\/strong><\/p>\r\n<p style=\"text-align: left;\">Gli amministratori del sito https:\/\/www.geoplastglobal.com, pur facendo il possibile per rimuovere i contenuti che violano il Regolamento, non esercitano alcun controllo preventivo sui contenuti pubblicati dagli utenti. Tali contenuti rispecchiano esclusivamente le opinioni dell&#8217;autore, e non quelle dei responsabili del sito, che non puo&#8217; quindi in nessun caso essere ritenuta responsabile di eventuali violazioni legate alla natura di questi contenuti. L&#8217;utente che intenda esercitare un diritto, una rivendicazione o un&#8217;azione contro un qualsiasi altro utente in merito all&#8217;utilizzo dei servizi del sito, si impegna a perseguire tale diritto, rivendicazione o azione, presso le Autorita&#8217; competenti, senza alcun obbligo di coinvolgimento da parte di GEOPLAST S.p.A..<\/p>\r\n<p style=\"text-align: left;\"><strong>UTILIZZO DEL SITO<\/strong><\/p>\r\n<p style=\"text-align: left;\">L&#8217;Utente s&#8217;impegna a:<\/p>\r\n<p style=\"text-align: left;\">1. non utilizzare il Sito o il materiale in esso inserito per perseguire scopi illegali ovvero per divulgare o diffondere in qualsiasi modo materiale o contenuti preordinati alla commissione di attivit\u00e0 illecita;<\/p>\r\n<p style=\"text-align: left;\">2. non utilizzare il Sito in modo da interrompere, danneggiare o rendere meno efficiente una parte o la totalit\u00e0 del Sito o in modo da danneggiare in qualche modo l&#8217;efficacia o la funzionalit\u00e0 del Sito;<\/p>\r\n<p style=\"text-align: left;\">3. non utilizzare il Sito per la trasmissione o il collocamento di virus o qualsiasi altro materiale diffamatorio, offensivo, osceno o minaccioso o che in qualche modo possa danneggiare o disturbare altri Utenti;<\/p>\r\n<p style=\"text-align: left;\">4. non utilizzare il Sito in modo da costituire una violazione dei diritti di persone fisiche o giuridiche o ditte (compresi, ad esempio, i diritti di copyright o riservatezza); (e) non utilizzare il Sito per trasmettere materiale a scopo pubblicitario e\/o promozionale senza il permesso scritto di GEOPLAST S.p.A.;<\/p>\r\n<p style=\"text-align: left;\">5. GEOPLAST S.p.A. non esercita alcun controllo preventivo sui contenuti del Sito, per cui se l&#8217;Utente intende esercitare un diritto, una rivendicazione o un&#8217;azione contro un qualsiasi altro Utente in merito all&#8217;utilizzo del Sito, egli si impegna a perseguire tale diritto, rivendicazione o azione, indipendentemente e senza alcun coinvolgimento di GEOPLAST S.p.A.; Ogni violazione sar\u00e0 segnalata agli organi di Polizia ed alle Magistrature competenti. Nel caso in cui l&#8217;Utente non accetti, in tutto o in parte, le suddette condizioni, si prega di uscire dal sito.<\/p>\r\n<p style=\"text-align: left;\">\u00a9 2025 GEOPLAST S.p.A.<\/p>","protected":false},"excerpt":{"rendered":"<p>Termini di utilizzo Condizioni e termini di utilizzo del sito web &#8220;www.geoplastglobal.com&#8221; L&#8217;accesso al sito \u00e8 gratuito. Il Sito ha carattere puramente informativo. GEOPLAST S.p.A., unico titolare del presente sito, ha l&#8217;esclusivo e insindacabile diritto di modificare, in tutto o in parte, senza alcun preavviso e a propria assoluta discrezione, [&hellip;]<\/p>\n","protected":false},"author":12,"featured_media":0,"parent":0,"menu_order":0,"comment_status":"open","ping_status":"open","template":"page-law.php","meta":{"_acf_changed":false,"footnotes":""},"class_list":["post-3995","page","type-page","status-publish","hentry"],"acf":[],"yoast_head":"<!-- This site is optimized with the Yoast SEO plugin v27.3 - https:\/\/yoast.com\/product\/yoast-seo-wordpress\/ -->\n<title>Termini di utilizzo &#8211; Geoplast<\/title>\n<meta name=\"robots\" content=\"index, follow, max-snippet:-1, max-image-preview:large, max-video-preview:-1\" \/>\n<link rel=\"canonical\" href=\"https:\/\/www.geoplastglobal.com\/it\/termini-di-utilizzo\/\" \/>\n<meta property=\"og:locale\" content=\"it_IT\" \/>\n<meta property=\"og:type\" content=\"article\" \/>\n<meta property=\"og:title\" content=\"Termini di utilizzo &#8211; Geoplast\" \/>\n<meta property=\"og:description\" content=\"Termini di utilizzo Condizioni e termini di utilizzo del sito web &#8220;www.geoplastglobal.com&#8221; L&#8217;accesso al sito \u00e8 gratuito. Il Sito ha carattere puramente informativo. GEOPLAST S.p.A., unico titolare del presente sito, ha l&#8217;esclusivo e insindacabile diritto di modificare, in tutto o in parte, senza alcun preavviso e a propria assoluta discrezione, [&hellip;]\" \/>\n<meta property=\"og:url\" content=\"https:\/\/www.geoplastglobal.com\/it\/termini-di-utilizzo\/\" \/>\n<meta property=\"og:site_name\" content=\"Geoplast\" \/>\n<meta property=\"article:publisher\" content=\"https:\/\/www.facebook.com\/geoplast\" \/>\n<meta property=\"article:modified_time\" content=\"2025-01-14T08:20:05+00:00\" \/>\n<meta property=\"og:image\" content=\"https:\/\/www.geoplastglobal.com\/wp-content\/uploads\/2021\/07\/Geoplast-Facebook.jpg\" \/>\n\t<meta property=\"og:image:width\" content=\"1240\" \/>\n\t<meta property=\"og:image:height\" content=\"500\" \/>\n\t<meta property=\"og:image:type\" content=\"image\/jpeg\" \/>\n<meta name=\"twitter:card\" content=\"summary_large_image\" \/>\n<meta name=\"twitter:site\" content=\"@Geoplast\" \/>\n<meta name=\"twitter:label1\" content=\"Est. reading time\" \/>\n\t<meta name=\"twitter:data1\" content=\"4 minutes\" \/>\n<script type=\"application\/ld+json\" class=\"yoast-schema-graph\">{\"@context\":\"https:\\\/\\\/schema.org\",\"@graph\":[{\"@type\":\"WebPage\",\"@id\":\"https:\\\/\\\/www.geoplastglobal.com\\\/it\\\/termini-di-utilizzo\\\/\",\"url\":\"https:\\\/\\\/www.geoplastglobal.com\\\/it\\\/termini-di-utilizzo\\\/\",\"name\":\"Termini di utilizzo &#8211; Geoplast\",\"isPartOf\":{\"@id\":\"https:\\\/\\\/www.geoplastglobal.com\\\/it\\\/#website\"},\"datePublished\":\"2014-10-21T14:39:56+00:00\",\"dateModified\":\"2025-01-14T08:20:05+00:00\",\"inLanguage\":\"it-IT\",\"potentialAction\":[{\"@type\":\"ReadAction\",\"target\":[\"https:\\\/\\\/www.geoplastglobal.com\\\/it\\\/termini-di-utilizzo\\\/\"]}]},{\"@type\":\"WebSite\",\"@id\":\"https:\\\/\\\/www.geoplastglobal.com\\\/it\\\/#website\",\"url\":\"https:\\\/\\\/www.geoplastglobal.com\\\/it\\\/\",\"name\":\"Geoplast\",\"description\":\"Geoplast S.p.A.\",\"publisher\":{\"@id\":\"https:\\\/\\\/www.geoplastglobal.com\\\/it\\\/#organization\"},\"potentialAction\":[{\"@type\":\"SearchAction\",\"target\":{\"@type\":\"EntryPoint\",\"urlTemplate\":\"https:\\\/\\\/www.geoplastglobal.com\\\/it\\\/?s={search_term_string}\"},\"query-input\":{\"@type\":\"PropertyValueSpecification\",\"valueRequired\":true,\"valueName\":\"search_term_string\"}}],\"inLanguage\":\"it-IT\"},{\"@type\":\"Organization\",\"@id\":\"https:\\\/\\\/www.geoplastglobal.com\\\/it\\\/#organization\",\"name\":\"Geoplast\",\"url\":\"https:\\\/\\\/www.geoplastglobal.com\\\/it\\\/\",\"logo\":{\"@type\":\"ImageObject\",\"inLanguage\":\"it-IT\",\"@id\":\"https:\\\/\\\/www.geoplastglobal.com\\\/it\\\/#\\\/schema\\\/logo\\\/image\\\/\",\"url\":\"https:\\\/\\\/www.geoplastglobal.com\\\/wp-content\\\/uploads\\\/2016\\\/11\\\/geoplast.jpg\",\"contentUrl\":\"https:\\\/\\\/www.geoplastglobal.com\\\/wp-content\\\/uploads\\\/2016\\\/11\\\/geoplast.jpg\",\"width\":1644,\"height\":1030,\"caption\":\"Geoplast\"},\"image\":{\"@id\":\"https:\\\/\\\/www.geoplastglobal.com\\\/it\\\/#\\\/schema\\\/logo\\\/image\\\/\"},\"sameAs\":[\"https:\\\/\\\/www.facebook.com\\\/geoplast\",\"https:\\\/\\\/x.com\\\/Geoplast\",\"https:\\\/\\\/www.linkedin.com\\\/company\\\/geoplast-spa\",\"https:\\\/\\\/www.youtube.com\\\/user\\\/GEOPLASTspa\"]}]}<\/script>\n<!-- \/ Yoast SEO plugin. -->","yoast_head_json":{"title":"Termini di utilizzo &#8211; Geoplast","robots":{"index":"index","follow":"follow","max-snippet":"max-snippet:-1","max-image-preview":"max-image-preview:large","max-video-preview":"max-video-preview:-1"},"canonical":"https:\/\/www.geoplastglobal.com\/it\/termini-di-utilizzo\/","og_locale":"it_IT","og_type":"article","og_title":"Termini di utilizzo &#8211; Geoplast","og_description":"Termini di utilizzo Condizioni e termini di utilizzo del sito web &#8220;www.geoplastglobal.com&#8221; L&#8217;accesso al sito \u00e8 gratuito. Il Sito ha carattere puramente informativo. GEOPLAST S.p.A., unico titolare del presente sito, ha l&#8217;esclusivo e insindacabile diritto di modificare, in tutto o in parte, senza alcun preavviso e a propria assoluta discrezione, [&hellip;]","og_url":"https:\/\/www.geoplastglobal.com\/it\/termini-di-utilizzo\/","og_site_name":"Geoplast","article_publisher":"https:\/\/www.facebook.com\/geoplast","article_modified_time":"2025-01-14T08:20:05+00:00","og_image":[{"width":1240,"height":500,"url":"https:\/\/www.geoplastglobal.com\/wp-content\/uploads\/2021\/07\/Geoplast-Facebook.jpg","type":"image\/jpeg"}],"twitter_card":"summary_large_image","twitter_site":"@Geoplast","twitter_misc":{"Est. reading time":"4 minutes"},"schema":{"@context":"https:\/\/schema.org","@graph":[{"@type":"WebPage","@id":"https:\/\/www.geoplastglobal.com\/it\/termini-di-utilizzo\/","url":"https:\/\/www.geoplastglobal.com\/it\/termini-di-utilizzo\/","name":"Termini di utilizzo &#8211; Geoplast","isPartOf":{"@id":"https:\/\/www.geoplastglobal.com\/it\/#website"},"datePublished":"2014-10-21T14:39:56+00:00","dateModified":"2025-01-14T08:20:05+00:00","inLanguage":"it-IT","potentialAction":[{"@type":"ReadAction","target":["https:\/\/www.geoplastglobal.com\/it\/termini-di-utilizzo\/"]}]},{"@type":"WebSite","@id":"https:\/\/www.geoplastglobal.com\/it\/#website","url":"https:\/\/www.geoplastglobal.com\/it\/","name":"Geoplast","description":"Geoplast S.p.A.","publisher":{"@id":"https:\/\/www.geoplastglobal.com\/it\/#organization"},"potentialAction":[{"@type":"SearchAction","target":{"@type":"EntryPoint","urlTemplate":"https:\/\/www.geoplastglobal.com\/it\/?s={search_term_string}"},"query-input":{"@type":"PropertyValueSpecification","valueRequired":true,"valueName":"search_term_string"}}],"inLanguage":"it-IT"},{"@type":"Organization","@id":"https:\/\/www.geoplastglobal.com\/it\/#organization","name":"Geoplast","url":"https:\/\/www.geoplastglobal.com\/it\/","logo":{"@type":"ImageObject","inLanguage":"it-IT","@id":"https:\/\/www.geoplastglobal.com\/it\/#\/schema\/logo\/image\/","url":"https:\/\/www.geoplastglobal.com\/wp-content\/uploads\/2016\/11\/geoplast.jpg","contentUrl":"https:\/\/www.geoplastglobal.com\/wp-content\/uploads\/2016\/11\/geoplast.jpg","width":1644,"height":1030,"caption":"Geoplast"},"image":{"@id":"https:\/\/www.geoplastglobal.com\/it\/#\/schema\/logo\/image\/"},"sameAs":["https:\/\/www.facebook.com\/geoplast","https:\/\/x.com\/Geoplast","https:\/\/www.linkedin.com\/company\/geoplast-spa","https:\/\/www.youtube.com\/user\/GEOPLASTspa"]}]}},"_links":{"self":[{"href":"https:\/\/www.geoplastglobal.com\/it\/wp-json\/wp\/v2\/pages\/3995","targetHints":{"allow":["GET"]}}],"collection":[{"href":"https:\/\/www.geoplastglobal.com\/it\/wp-json\/wp\/v2\/pages"}],"about":[{"href":"https:\/\/www.geoplastglobal.com\/it\/wp-json\/wp\/v2\/types\/page"}],"author":[{"embeddable":true,"href":"https:\/\/www.geoplastglobal.com\/it\/wp-json\/wp\/v2\/users\/12"}],"replies":[{"embeddable":true,"href":"https:\/\/www.geoplastglobal.com\/it\/wp-json\/wp\/v2\/comments?post=3995"}],"version-history":[{"count":6,"href":"https:\/\/www.geoplastglobal.com\/it\/wp-json\/wp\/v2\/pages\/3995\/revisions"}],"predecessor-version":[{"id":204910,"href":"https:\/\/www.geoplastglobal.com\/it\/wp-json\/wp\/v2\/pages\/3995\/revisions\/204910"}],"wp:attachment":[{"href":"https:\/\/www.geoplastglobal.com\/it\/wp-json\/wp\/v2\/media?parent=3995"}],"curies":[{"name":"wp","href":"https:\/\/api.w.org\/{rel}","templated":true}]}}