
{"id":2042,"date":"2014-07-22T14:05:08","date_gmt":"2014-07-22T14:05:08","guid":{"rendered":"https:\/\/www.geoplastglobal.com\/?p=2042"},"modified":"2021-12-02T10:32:35","modified_gmt":"2021-12-02T10:32:35","slug":"green-building-council","status":"publish","type":"page","link":"https:\/\/www.geoplastglobal.com\/fr\/green-building-council\/","title":{"rendered":"Green Building Council"},"content":{"rendered":"<div class=\"green-page\">\r\n\t<div class=\"background\" style=\"background-image: url(\/wp-content\/uploads\/2016\/09\/cielo.jpg)\">\r\n\t\t<div class=\"field field-name-field-image field-type-image field-label-hidden\"><div class=\"field-items\"><div class=\"field-item even\"><img decoding=\"async\" src=\"\/wp-content\/uploads\/2016\/09\/logo.png?itok=ohqCy0Fs\" \/><\/div><\/div><\/div>\t\t<div class=\"field field-name-field-title field-type-text field-label-hidden\"><div class=\"field-items\"><div class=\"field-item even\">Geoplast S.p.A. en Green Building Council Italie, Le R\u00e9seau de la Construction Eco-compatible.<\/div><\/div><\/div>\t<\/div>\r\n\t<div class=\"content centrato\">\r\n\t\t<div class=\"field-collection-container clearfix\">\r\n    \r\n                            <div class=\"columns-wrapper three-columns\">\r\n                \r\n        \r\n            <div class=\"column column-1\">\r\n                            <p><strong>Geoplast S.p.A.<\/strong>, entreprise leader dans la conception et la r\u00e9alisation de produits pour la construction eco-compatible, les coffrages, la nature, le tra\u00eetement des eaux, le sport et l\u2019environnement est membre ordinaire du Green Building Council Italie.<\/p>\r\n\r\n\r\n\r\n<p>Le&nbsp;<strong>Green Building Council Italy<\/strong>&nbsp;est une association d\u2019entreprises, de cabinets professionnels associ\u00e9s, d\u2019administrations publiques, d\u2019universit\u00e9s, d\u2019associations, d\u2019organismes et de structures, bas\u00e9e sur l\u2019approbation et la valorisation de l\u2019int\u00e9gration entre comp\u00e9tences techniques scientifiques et comp\u00e9tences operationnelles. \u00c0&nbsp;travers du&nbsp;d\u00e9veloppement et de&nbsp;l\u2019adaptation de LEED (Leadership in Energy and Environmental Design) \u00e0 la r\u00e9alit\u00e9 italienne, son but est la transformation du march\u00e9 afin que les \u201cgreen buildings\u201d \u2013 \u00e9difices \u00e0 faible impact environnemental \u2013 deviennent une habitude et soient accept\u00e9s comme facteur enracin\u00e9 dans la soci\u00e9t\u00e9.<\/p>\r\n                    <\/div>\r\n            <div class=\"column column-2\">\r\n                            <p>De plus en plus de cabinets&nbsp;de conception, d\u2019ing\u00e9nieurs, d\u2019architectes, de responsables techniques, de designers d\u2019int\u00e9rieur, de paysagistes, d\u2019urbanistes, d\u2019entreprises de construction, d\u2019institutions financi\u00e8res et d\u2019administrations publiques, dans le monde entier, utilisent LEED afin de contribuer \u00e0 la durabilit\u00e9 environnementale \u00e0 l\u2019aide de pratiques innovantes et excellentes. LEED est une r\u00e9f\u00e9rence essentielle pour toutes les entreprises qui ont l\u2019intention d\u2019op\u00e9rer sur le march\u00e9 mondial.<\/p>\r\n\r\n\r\n\r\n<p>Pour cela, Geoplast S.p.A. a d\u00e9cid\u00e9 de partager la philosophie et les objectifs du GBC Italie, avec d\u2019autres op\u00e9rateurs d\u2019excellence du march\u00e9 italien.<\/p>\r\n\r\n<p>&nbsp;<\/p>\r\n\r\n<p>Tous les adh\u00e9rents au GBC Italia sont des leaders actifs qui s\u2019engagent en premi\u00e8re personne, dans le secteur propre, \u00e0 op\u00e9rer afin de d\u00e9velopper et de proposer des produits et des \u00e9difices durables de profil \u00e9lev\u00e9 et d\u2019offrir un portefeuille exhaustif de services afin de r\u00e9pondre aux diff\u00e9rents besoins&nbsp;de l\u2019activit\u00e9 immobili\u00e8re, coh\u00e9rents<\/p>\r\n                    <\/div>\r\n            <div class=\"column column-3\">\r\n                            <p lang=\"ru-RU\">avec les politiques de durabilit\u00e9 et caract\u00e9ris\u00e9s par un service de qualit\u00e9 sup\u00e9rieure pour la client\u00e8le.<\/p>\r\n\r\n\r\n\r\n<p>Par ailleurs, les sujets impliqu\u00e9s favorisent une croissance continue des comp\u00e9tences de l\u2019industrie du b\u00e2timent dans son ensemble, am\u00e9liorant les crit\u00e8res de prestation de LEED Italia et promeuvent les avantages tangibles et intangibles des \u201cgreen buildings\u201d durant tout le cycle de vie des \u00e9difices, y compris les b\u00e9n\u00e9fices environnementaux, \u00e9conomiques et sociaux.<\/p>\r\n\r\n\r\n\r\n<p>Geoplast S.p.A., avec cette adh\u00e9sion importante, montre une fois de plus qu\u2019elle s\u2019int\u00e9resse aux th\u00e8mes du b\u00e2timent durable et au respect de l\u2019environnement. Des valeurs fortes qui animent les dirigeants de l\u2019entreprise et poussent \u00e0 \u00e9tudier et \u00e0 r\u00e9aliser des produits innovants pour construire de fa\u00e7on efficace en faisant attention au bien-\u00eatre de l\u2019homme.<\/p>\r\n                    <\/div>\r\n    \r\n                \r\n    \r\n                            <div class=\"justifier\">&nbsp;<\/div>\r\n            <\/div> \r\n                        <div class=\"columns-wrapper one-columns\">\r\n                \r\n        \r\n            <div class=\"column column-1\">\r\n                    <\/div>\r\n    \r\n                \r\n\r\n<\/div>\r\n\r\n\r\n\r\n<\/div>\t\t\t\t<div class=\"green-page-buttons\">\r\n\t\t\t\t\t\t\t\t\t\t\t<div class=\"btnGeo\">\r\n\t\t\t\t\t<a href=\"\/wp-content\/uploads\/2019\/09\/Green-Building-Council-Italy-Members-Manifest.pdf\">Manifeste des membre du GBC Italie<\/a>\t\t\t\t<\/div>\r\n\t\t\t\t\t\t\t\t\t\t\t<div class=\"btnGeo\">\r\n\t\t\t\t\t<a href=\"\/wp-content\/uploads\/2019\/09\/What-qualifies-and-certifies-the-LEED.pdf\">Qu&#39;est-ce que qualifie et certifie le LEED?<\/a>\t\t\t\t<\/div>\r\n\t\t\t\t\t<\/div>\t\r\n\t<\/div>\r\n\t<div class=\"field-collection-container clearfix\">\r\n    <div class=\"sections\">\r\n        \r\n            \r\n            <div class=\"section section-shadow\" id=\"section-0\">\r\n                <div class=\"centrato\">\r\n\r\n                                        \r\n                    <div class=\"field-collection-container clearfix\">\r\n\r\n                                \r\n                            \r\n                                                                                                                            <div class=\"columns-wrapper one-columns\">\r\n                            \r\n                            \r\n                                                            <div class=\"column column-1\">\r\n                                                                            <h4 class=\"rtecenter\" style=\"text-transform:uppercase\">eco-compatibilit\u00c9<\/h4>\r\n                                                                    <\/div>\r\n                            \r\n                            \r\n\r\n                        \r\n    \r\n            \r\n                                \r\n                            \r\n                            \r\n                            \r\n                                                            <div class=\"column column-1\">\r\n                                                                            <img decoding=\"async\" alt=\"\" class=\"media-image img__fid__4001 img__view_mode__media_original attr__format__media_original\" src=\"\/wp-content\/uploads\/2018\/08\/green-building-council.png\" \/>\r\n\r\n\r\n<h4 class=\"rtecenter\" style=\"text-transform: uppercase; color: #161616;\">Avec les solutions de construction \u00e9cologique Geoplast est d\u00e9j\u00e0 l&#39;avenir<\/h4>\r\n\r\n                                                                    <\/div>\r\n                            \r\n                            \r\n\r\n                        \r\n    \r\n            \r\n                                \r\n                            \r\n                                                                                                   \r\n                                    <\/div> \r\n                                                                                                <div class=\"columns-wrapper two-columns\">\r\n                            \r\n                            \r\n                                                            <div class=\"column column-1\">\r\n                                                                            <div style=\"text-align:justify\">\r\n<p>Une construction \u00e9co-compatible Geoplast se construit depuis les fondations: avec MODULO, GEOBLOCK, MULTIMODULO, MINIMODULO et ELEVETOR on r\u00e9alise une fondation a\u00e9r\u00e9e et monolithique qui \u00e9limine l\u2019humidit\u00e9 de remont\u00e9e et le gaz Radon qui, de fa\u00e7on tout \u00e0 fait naturelle, tendent \u00e0 remonter du terrain et \u00e0 entrer en contact avec l\u2019homme, se concentrant surtout dans les \u00e9tages bas des habitations.<\/p>\r\n\r\n<p>Ces deux \u00e9l\u00e9ments sont tous deux nocifs, le deuxi\u00e8me m\u00eame mortel si inhal\u00e9 pour de longues p\u00e9riodes. Une fondation monolithique, en revanche, garantit la solidit\u00e9 structurelle en \u00e9liminant le probl\u00e8me des fissures. En utilisant DEFENDER , on obtient l\u2019isolation totale des murs contre terre, pour des environnements secs et salubres.<\/p>\r\n\r\n\r\n\r\n<p>Toutes les ma\u00e7onneries et les colonnes en b\u00e9ton peuvent \u00eatre r\u00e9alis\u00e9es avec les syst\u00e8mes GEOTUB, GEOTUB PANEL, GEOPANEL, GEOPANEL STAR, lors que les planchers avec GEOSKY (\u00e0 d\u00e9sarmement anticip\u00e9), SKYRAIL (monodirectionnels all\u00e9g\u00e9s), SKYDOME (bidirectionnels pour grandes lumi\u00e8res) en utilisant toujours des coffrages en plastique \u00e0 haute r\u00e9sistance, contribuant ainsi \u00e0 r\u00e9duire l\u2019utilisation du bois dans le b\u00e2timent, qui est en train d\u2019alimenter fortement le ph\u00e9nom\u00e8ne de la d\u00e9forestation. GEOPANEL ART, sera le syst\u00e8me id\u00e9al pour la r\u00e9alisation de ma\u00e7onneries pour la face visible. Une fois arriv\u00e9s au toit, avec DRAINROOF , il est possible&nbsp;de r\u00e9aliser un jardin suspendu, pour rendre au cadre la nature<\/p>\r\n<\/div>\r\n                                                                    <\/div>\r\n                                                            <div class=\"column column-2\">\r\n                                                                            <p>dont on l\u2019a priv\u00e9 et, en m\u00eame temps, obtenir un grenier plus frais l\u2019\u00e9t\u00e9 et plus chaud l\u2019hiver.<\/p>\r\n\r\n\r\n\r\n<p><span style=\"text-align: justify;\">Habiter de fa\u00e7on saine ne signifie cependant pas rester enferm\u00e9s entre quatre murs, mais jouir des zones vertes utilisables. En r\u00e9alisant des gazons carrossables et des parkings herbeux avec SALVAVERDE, GEOFLOR, RUNFLOOR GREEN , on pourra marcher et se garer en toute libert\u00e9 sur une zone verte qui sinon aurait \u00e9t\u00e9 un parterre intouchable ou, pire encore, une \u00e9tendue d\u2019asphalte noire et plate.<\/span><\/p>\r\n\r\n<div style=\"text-align:justify\">\r\n\r\n<p>Et pour les murs verts verticaux ? Voici WALL-Y, la grille en poly\u00e9thyl\u00e8ne \u00e0 densit\u00e9 \u00e9lev\u00e9e pour de magnifiques murs v\u00e9g\u00e9taux. Pour l\u2019accumulation et la r\u00e9cup\u00e9ration des eaux m\u00e9t\u00e9oriques, on peut construire des bassins d\u2019accumulation et de drainage enterr\u00e9s avec le syst\u00e8me DRENING et ELEVETOR TANK en \u00e9liminant les sources stagnantes d\u2019odeurs et de moustiques.<\/p>\r\n\r\n\r\n\r\n<p>Pour les moments de distraction et de divertissement, voici GRIPPER, la surface sportive polyvalente ; alors que pour un sain moment de d\u00e9tente, un beau dallage drainant r\u00e9alis\u00e9 avec PLASTONELLA. BIOMODULO, enfin, se r\u00e9v\u00e8lera comme \u00e9tant le produit id\u00e9al pour les syst\u00e8mes de diffusion d\u2019air pour les installations de d\u00e9sodorisation et de compostage.<\/p>\r\n<\/div>\r\n                                                                    <\/div>\r\n                            \r\n                            \r\n\r\n                        \r\n    \r\n            \r\n    \r\n    \r\n            \r\n    \r\n    \r\n            \r\n    \r\n    \r\n            \r\n\r\n    <div class=\"justifier\">&nbsp;<\/div>\r\n<\/div>\r\n<\/div>\r\n                                        \r\n                            \r\n                            \r\n                <\/div>\r\n            <\/div>\r\n\r\n            <\/div>\r\n\r\n\r\n<\/div>\r\n<\/div>","protected":false},"excerpt":{"rendered":"<p>Geoplast S.p.A. en Green Building Council Italie, Le R\u00e9seau de la Construction Eco-compatible. Geoplast S.p.A., entreprise leader dans la conception et la r\u00e9alisation de produits pour la construction eco-compatible, les coffrages, la nature, le tra\u00eetement des eaux, le sport et l\u2019environnement est membre ordinaire du Green Building Council Italie. Le&nbsp;Green [&hellip;]<\/p>\n","protected":false},"author":12,"featured_media":0,"parent":0,"menu_order":0,"comment_status":"open","ping_status":"open","template":"","meta":{"_acf_changed":false,"footnotes":""},"class_list":["post-2042","page","type-page","status-publish","hentry"],"acf":[],"yoast_head":"<!-- This site is optimized with the Yoast SEO plugin v27.2 - https:\/\/yoast.com\/product\/yoast-seo-wordpress\/ -->\n<title>Geoplast est membre de Green Building Council Italie<\/title>\n<meta name=\"description\" content=\"Geoplast S.p.A., entreprise leader dans la conception et la r\u00e9alisation de produits pour la construction eco-compatible, les coffrages, la nature, le tra\u00eetement des eaux, le sport et l\u2019environnement est membre ordinaire du Green Building Council Italie.\" \/>\n<meta name=\"robots\" content=\"index, follow, max-snippet:-1, max-image-preview:large, max-video-preview:-1\" \/>\n<link rel=\"canonical\" href=\"https:\/\/www.geoplastglobal.com\/fr\/green-building-council\/\" \/>\n<meta property=\"og:locale\" content=\"fr_FR\" \/>\n<meta property=\"og:type\" content=\"article\" \/>\n<meta property=\"og:title\" content=\"Geoplast est membre de Green Building Council Italie\" \/>\n<meta property=\"og:description\" content=\"Geoplast S.p.A., entreprise leader dans la conception et la r\u00e9alisation de produits pour la construction eco-compatible, les coffrages, la nature, le tra\u00eetement des eaux, le sport et l\u2019environnement est membre ordinaire du Green Building Council Italie.\" \/>\n<meta property=\"og:url\" content=\"https:\/\/www.geoplastglobal.com\/fr\/green-building-council\/\" \/>\n<meta property=\"og:site_name\" content=\"Geoplast\" \/>\n<meta property=\"article:publisher\" content=\"https:\/\/www.facebook.com\/geoplast\" \/>\n<meta property=\"article:modified_time\" content=\"2021-12-02T10:32:35+00:00\" \/>\n<meta property=\"og:image\" content=\"https:\/\/www.geoplastglobal.com\/wp-content\/uploads\/2016\/09\/logo.png\" \/>\n<meta name=\"twitter:card\" content=\"summary_large_image\" \/>\n<meta name=\"twitter:site\" content=\"@Geoplast\" \/>\n<meta name=\"twitter:label1\" content=\"Est. reading time\" \/>\n\t<meta name=\"twitter:data1\" content=\"5 minutes\" \/>\n<script type=\"application\/ld+json\" class=\"yoast-schema-graph\">{\"@context\":\"https:\/\/schema.org\",\"@graph\":[{\"@type\":\"WebPage\",\"@id\":\"https:\/\/www.geoplastglobal.com\/fr\/green-building-council\/\",\"url\":\"https:\/\/www.geoplastglobal.com\/fr\/green-building-council\/\",\"name\":\"Geoplast est membre de Green Building Council Italie\",\"isPartOf\":{\"@id\":\"https:\/\/www.geoplastglobal.com\/fr\/#website\"},\"datePublished\":\"2014-07-22T14:05:08+00:00\",\"dateModified\":\"2021-12-02T10:32:35+00:00\",\"description\":\"Geoplast S.p.A., entreprise leader dans la conception et la r\u00e9alisation de produits pour la construction eco-compatible, les coffrages, la nature, le tra\u00eetement des eaux, le sport et l\u2019environnement est membre ordinaire du Green Building Council Italie.\",\"inLanguage\":\"fr-FR\",\"potentialAction\":[{\"@type\":\"ReadAction\",\"target\":[\"https:\/\/www.geoplastglobal.com\/fr\/green-building-council\/\"]}]},{\"@type\":\"WebSite\",\"@id\":\"https:\/\/www.geoplastglobal.com\/fr\/#website\",\"url\":\"https:\/\/www.geoplastglobal.com\/fr\/\",\"name\":\"Geoplast\",\"description\":\"Geoplast S.p.A.\",\"publisher\":{\"@id\":\"https:\/\/www.geoplastglobal.com\/fr\/#organization\"},\"potentialAction\":[{\"@type\":\"SearchAction\",\"target\":{\"@type\":\"EntryPoint\",\"urlTemplate\":\"https:\/\/www.geoplastglobal.com\/fr\/?s={search_term_string}\"},\"query-input\":{\"@type\":\"PropertyValueSpecification\",\"valueRequired\":true,\"valueName\":\"search_term_string\"}}],\"inLanguage\":\"fr-FR\"},{\"@type\":\"Organization\",\"@id\":\"https:\/\/www.geoplastglobal.com\/fr\/#organization\",\"name\":\"Geoplast\",\"url\":\"https:\/\/www.geoplastglobal.com\/fr\/\",\"logo\":{\"@type\":\"ImageObject\",\"inLanguage\":\"fr-FR\",\"@id\":\"https:\/\/www.geoplastglobal.com\/fr\/#\/schema\/logo\/image\/\",\"url\":\"https:\/\/www.geoplastglobal.com\/wp-content\/uploads\/2016\/11\/geoplast.jpg\",\"contentUrl\":\"https:\/\/www.geoplastglobal.com\/wp-content\/uploads\/2016\/11\/geoplast.jpg\",\"width\":1644,\"height\":1030,\"caption\":\"Geoplast\"},\"image\":{\"@id\":\"https:\/\/www.geoplastglobal.com\/fr\/#\/schema\/logo\/image\/\"},\"sameAs\":[\"https:\/\/www.facebook.com\/geoplast\",\"https:\/\/x.com\/Geoplast\",\"https:\/\/www.linkedin.com\/company\/geoplast-spa\",\"https:\/\/www.youtube.com\/user\/GEOPLASTspa\"]}]}<\/script>\n<!-- \/ Yoast SEO plugin. -->","yoast_head_json":{"title":"Geoplast est membre de Green Building Council Italie","description":"Geoplast S.p.A., entreprise leader dans la conception et la r\u00e9alisation de produits pour la construction eco-compatible, les coffrages, la nature, le tra\u00eetement des eaux, le sport et l\u2019environnement est membre ordinaire du Green Building Council Italie.","robots":{"index":"index","follow":"follow","max-snippet":"max-snippet:-1","max-image-preview":"max-image-preview:large","max-video-preview":"max-video-preview:-1"},"canonical":"https:\/\/www.geoplastglobal.com\/fr\/green-building-council\/","og_locale":"fr_FR","og_type":"article","og_title":"Geoplast est membre de Green Building Council Italie","og_description":"Geoplast S.p.A., entreprise leader dans la conception et la r\u00e9alisation de produits pour la construction eco-compatible, les coffrages, la nature, le tra\u00eetement des eaux, le sport et l\u2019environnement est membre ordinaire du Green Building Council Italie.","og_url":"https:\/\/www.geoplastglobal.com\/fr\/green-building-council\/","og_site_name":"Geoplast","article_publisher":"https:\/\/www.facebook.com\/geoplast","article_modified_time":"2021-12-02T10:32:35+00:00","og_image":[{"url":"https:\/\/www.geoplastglobal.com\/wp-content\/uploads\/2016\/09\/logo.png","type":"","width":"","height":""}],"twitter_card":"summary_large_image","twitter_site":"@Geoplast","twitter_misc":{"Est. reading time":"5 minutes"},"schema":{"@context":"https:\/\/schema.org","@graph":[{"@type":"WebPage","@id":"https:\/\/www.geoplastglobal.com\/fr\/green-building-council\/","url":"https:\/\/www.geoplastglobal.com\/fr\/green-building-council\/","name":"Geoplast est membre de Green Building Council Italie","isPartOf":{"@id":"https:\/\/www.geoplastglobal.com\/fr\/#website"},"datePublished":"2014-07-22T14:05:08+00:00","dateModified":"2021-12-02T10:32:35+00:00","description":"Geoplast S.p.A., entreprise leader dans la conception et la r\u00e9alisation de produits pour la construction eco-compatible, les coffrages, la nature, le tra\u00eetement des eaux, le sport et l\u2019environnement est membre ordinaire du Green Building Council Italie.","inLanguage":"fr-FR","potentialAction":[{"@type":"ReadAction","target":["https:\/\/www.geoplastglobal.com\/fr\/green-building-council\/"]}]},{"@type":"WebSite","@id":"https:\/\/www.geoplastglobal.com\/fr\/#website","url":"https:\/\/www.geoplastglobal.com\/fr\/","name":"Geoplast","description":"Geoplast S.p.A.","publisher":{"@id":"https:\/\/www.geoplastglobal.com\/fr\/#organization"},"potentialAction":[{"@type":"SearchAction","target":{"@type":"EntryPoint","urlTemplate":"https:\/\/www.geoplastglobal.com\/fr\/?s={search_term_string}"},"query-input":{"@type":"PropertyValueSpecification","valueRequired":true,"valueName":"search_term_string"}}],"inLanguage":"fr-FR"},{"@type":"Organization","@id":"https:\/\/www.geoplastglobal.com\/fr\/#organization","name":"Geoplast","url":"https:\/\/www.geoplastglobal.com\/fr\/","logo":{"@type":"ImageObject","inLanguage":"fr-FR","@id":"https:\/\/www.geoplastglobal.com\/fr\/#\/schema\/logo\/image\/","url":"https:\/\/www.geoplastglobal.com\/wp-content\/uploads\/2016\/11\/geoplast.jpg","contentUrl":"https:\/\/www.geoplastglobal.com\/wp-content\/uploads\/2016\/11\/geoplast.jpg","width":1644,"height":1030,"caption":"Geoplast"},"image":{"@id":"https:\/\/www.geoplastglobal.com\/fr\/#\/schema\/logo\/image\/"},"sameAs":["https:\/\/www.facebook.com\/geoplast","https:\/\/x.com\/Geoplast","https:\/\/www.linkedin.com\/company\/geoplast-spa","https:\/\/www.youtube.com\/user\/GEOPLASTspa"]}]}},"_links":{"self":[{"href":"https:\/\/www.geoplastglobal.com\/fr\/wp-json\/wp\/v2\/pages\/2042","targetHints":{"allow":["GET"]}}],"collection":[{"href":"https:\/\/www.geoplastglobal.com\/fr\/wp-json\/wp\/v2\/pages"}],"about":[{"href":"https:\/\/www.geoplastglobal.com\/fr\/wp-json\/wp\/v2\/types\/page"}],"author":[{"embeddable":true,"href":"https:\/\/www.geoplastglobal.com\/fr\/wp-json\/wp\/v2\/users\/12"}],"replies":[{"embeddable":true,"href":"https:\/\/www.geoplastglobal.com\/fr\/wp-json\/wp\/v2\/comments?post=2042"}],"version-history":[{"count":8,"href":"https:\/\/www.geoplastglobal.com\/fr\/wp-json\/wp\/v2\/pages\/2042\/revisions"}],"predecessor-version":[{"id":163015,"href":"https:\/\/www.geoplastglobal.com\/fr\/wp-json\/wp\/v2\/pages\/2042\/revisions\/163015"}],"wp:attachment":[{"href":"https:\/\/www.geoplastglobal.com\/fr\/wp-json\/wp\/v2\/media?parent=2042"}],"curies":[{"name":"wp","href":"https:\/\/api.w.org\/{rel}","templated":true}]}}