
{"id":160604,"date":"2021-10-15T08:17:40","date_gmt":"2021-10-15T08:17:40","guid":{"rendered":"https:\/\/www.geoplastglobal.com\/consulting\/"},"modified":"2026-02-05T15:46:19","modified_gmt":"2026-02-05T15:46:19","slug":"services","status":"publish","type":"page","link":"https:\/\/www.geoplastglobal.com\/fr\/services\/","title":{"rendered":"Services"},"content":{"rendered":"<style>\r\n@media (max-width: 450px){\r\n a.button--cat-l{\r\n  font-size: 15px !important;\r\n }\r\n .standard-form input[type=submit].standard-button{\r\n  font-size: 13px !important;\r\n }\r\n}\r\n<\/style>","protected":false},"excerpt":{"rendered":"","protected":false},"author":40,"featured_media":160105,"parent":0,"menu_order":0,"comment_status":"closed","ping_status":"closed","template":"rent-page.php","meta":{"_acf_changed":false,"footnotes":""},"class_list":["post-160604","page","type-page","status-publish","has-post-thumbnail","hentry"],"acf":[],"yoast_head":"<!-- This site is optimized with the Yoast SEO plugin v27.2 - https:\/\/yoast.com\/product\/yoast-seo-wordpress\/ -->\n<title>Geoplast consulting pour la construction durable<\/title>\n<meta name=\"description\" content=\"Notre \u00e9quipe de consultants peut vous aider \u00e0 augmenter la durabilit\u00e9 et la rentabilit\u00e9 de vos projets de construction.\" \/>\n<meta name=\"robots\" content=\"index, follow, max-snippet:-1, max-image-preview:large, max-video-preview:-1\" \/>\n<link rel=\"canonical\" href=\"https:\/\/www.geoplastglobal.com\/fr\/services\/\" \/>\n<meta property=\"og:locale\" content=\"fr_FR\" \/>\n<meta property=\"og:type\" content=\"article\" \/>\n<meta property=\"og:title\" content=\"Geoplast consulting pour la construction durable\" \/>\n<meta property=\"og:description\" content=\"Notre \u00e9quipe de consultants peut vous aider \u00e0 augmenter la durabilit\u00e9 et la rentabilit\u00e9 de vos projets de construction.\" \/>\n<meta property=\"og:url\" content=\"https:\/\/www.geoplastglobal.com\/fr\/services\/\" \/>\n<meta property=\"og:site_name\" content=\"Geoplast\" \/>\n<meta property=\"article:publisher\" content=\"https:\/\/www.facebook.com\/geoplast\" \/>\n<meta property=\"article:modified_time\" content=\"2026-02-05T15:46:19+00:00\" \/>\n<meta property=\"og:image\" content=\"https:\/\/www.geoplastglobal.com\/wp-content\/uploads\/2021\/09\/Geoplast-Consulting-scaled.jpg\" \/>\n\t<meta property=\"og:image:width\" content=\"2560\" \/>\n\t<meta property=\"og:image:height\" content=\"666\" \/>\n\t<meta property=\"og:image:type\" content=\"image\/jpeg\" \/>\n<meta name=\"twitter:card\" content=\"summary_large_image\" \/>\n<meta name=\"twitter:site\" content=\"@Geoplast\" \/>\n<meta name=\"twitter:label1\" content=\"Est. reading time\" \/>\n\t<meta name=\"twitter:data1\" content=\"1 minute\" \/>\n<script type=\"application\/ld+json\" class=\"yoast-schema-graph\">{\"@context\":\"https:\/\/schema.org\",\"@graph\":[{\"@type\":\"WebPage\",\"@id\":\"https:\/\/www.geoplastglobal.com\/fr\/services\/\",\"url\":\"https:\/\/www.geoplastglobal.com\/fr\/services\/\",\"name\":\"Geoplast consulting pour la construction durable\",\"isPartOf\":{\"@id\":\"https:\/\/www.geoplastglobal.com\/fr\/#website\"},\"primaryImageOfPage\":{\"@id\":\"https:\/\/www.geoplastglobal.com\/fr\/services\/#primaryimage\"},\"image\":{\"@id\":\"https:\/\/www.geoplastglobal.com\/fr\/services\/#primaryimage\"},\"thumbnailUrl\":\"https:\/\/www.geoplastglobal.com\/wp-content\/uploads\/2021\/09\/Geoplast-Consulting-scaled.jpg\",\"datePublished\":\"2021-10-15T08:17:40+00:00\",\"dateModified\":\"2026-02-05T15:46:19+00:00\",\"description\":\"Notre \u00e9quipe de consultants peut vous aider \u00e0 augmenter la durabilit\u00e9 et la rentabilit\u00e9 de vos projets de construction.\",\"inLanguage\":\"fr-FR\",\"potentialAction\":[{\"@type\":\"ReadAction\",\"target\":[\"https:\/\/www.geoplastglobal.com\/fr\/services\/\"]}]},{\"@type\":\"ImageObject\",\"inLanguage\":\"fr-FR\",\"@id\":\"https:\/\/www.geoplastglobal.com\/fr\/services\/#primaryimage\",\"url\":\"https:\/\/www.geoplastglobal.com\/wp-content\/uploads\/2021\/09\/Geoplast-Consulting-scaled.jpg\",\"contentUrl\":\"https:\/\/www.geoplastglobal.com\/wp-content\/uploads\/2021\/09\/Geoplast-Consulting-scaled.jpg\",\"width\":2560,\"height\":666,\"caption\":\"La Ciudad de les Arts y las Ci\u00e8ncias, Valence, Espagne\"},{\"@type\":\"WebSite\",\"@id\":\"https:\/\/www.geoplastglobal.com\/fr\/#website\",\"url\":\"https:\/\/www.geoplastglobal.com\/fr\/\",\"name\":\"Geoplast\",\"description\":\"Geoplast S.p.A.\",\"publisher\":{\"@id\":\"https:\/\/www.geoplastglobal.com\/fr\/#organization\"},\"potentialAction\":[{\"@type\":\"SearchAction\",\"target\":{\"@type\":\"EntryPoint\",\"urlTemplate\":\"https:\/\/www.geoplastglobal.com\/fr\/?s={search_term_string}\"},\"query-input\":{\"@type\":\"PropertyValueSpecification\",\"valueRequired\":true,\"valueName\":\"search_term_string\"}}],\"inLanguage\":\"fr-FR\"},{\"@type\":\"Organization\",\"@id\":\"https:\/\/www.geoplastglobal.com\/fr\/#organization\",\"name\":\"Geoplast\",\"url\":\"https:\/\/www.geoplastglobal.com\/fr\/\",\"logo\":{\"@type\":\"ImageObject\",\"inLanguage\":\"fr-FR\",\"@id\":\"https:\/\/www.geoplastglobal.com\/fr\/#\/schema\/logo\/image\/\",\"url\":\"https:\/\/www.geoplastglobal.com\/wp-content\/uploads\/2016\/11\/geoplast.jpg\",\"contentUrl\":\"https:\/\/www.geoplastglobal.com\/wp-content\/uploads\/2016\/11\/geoplast.jpg\",\"width\":1644,\"height\":1030,\"caption\":\"Geoplast\"},\"image\":{\"@id\":\"https:\/\/www.geoplastglobal.com\/fr\/#\/schema\/logo\/image\/\"},\"sameAs\":[\"https:\/\/www.facebook.com\/geoplast\",\"https:\/\/x.com\/Geoplast\",\"https:\/\/www.linkedin.com\/company\/geoplast-spa\",\"https:\/\/www.youtube.com\/user\/GEOPLASTspa\"]}]}<\/script>\n<!-- \/ Yoast SEO plugin. -->","yoast_head_json":{"title":"Geoplast consulting pour la construction durable","description":"Notre \u00e9quipe de consultants peut vous aider \u00e0 augmenter la durabilit\u00e9 et la rentabilit\u00e9 de vos projets de construction.","robots":{"index":"index","follow":"follow","max-snippet":"max-snippet:-1","max-image-preview":"max-image-preview:large","max-video-preview":"max-video-preview:-1"},"canonical":"https:\/\/www.geoplastglobal.com\/fr\/services\/","og_locale":"fr_FR","og_type":"article","og_title":"Geoplast consulting pour la construction durable","og_description":"Notre \u00e9quipe de consultants peut vous aider \u00e0 augmenter la durabilit\u00e9 et la rentabilit\u00e9 de vos projets de construction.","og_url":"https:\/\/www.geoplastglobal.com\/fr\/services\/","og_site_name":"Geoplast","article_publisher":"https:\/\/www.facebook.com\/geoplast","article_modified_time":"2026-02-05T15:46:19+00:00","og_image":[{"width":2560,"height":666,"url":"https:\/\/www.geoplastglobal.com\/wp-content\/uploads\/2021\/09\/Geoplast-Consulting-scaled.jpg","type":"image\/jpeg"}],"twitter_card":"summary_large_image","twitter_site":"@Geoplast","twitter_misc":{"Est. reading time":"1 minute"},"schema":{"@context":"https:\/\/schema.org","@graph":[{"@type":"WebPage","@id":"https:\/\/www.geoplastglobal.com\/fr\/services\/","url":"https:\/\/www.geoplastglobal.com\/fr\/services\/","name":"Geoplast consulting pour la construction durable","isPartOf":{"@id":"https:\/\/www.geoplastglobal.com\/fr\/#website"},"primaryImageOfPage":{"@id":"https:\/\/www.geoplastglobal.com\/fr\/services\/#primaryimage"},"image":{"@id":"https:\/\/www.geoplastglobal.com\/fr\/services\/#primaryimage"},"thumbnailUrl":"https:\/\/www.geoplastglobal.com\/wp-content\/uploads\/2021\/09\/Geoplast-Consulting-scaled.jpg","datePublished":"2021-10-15T08:17:40+00:00","dateModified":"2026-02-05T15:46:19+00:00","description":"Notre \u00e9quipe de consultants peut vous aider \u00e0 augmenter la durabilit\u00e9 et la rentabilit\u00e9 de vos projets de construction.","inLanguage":"fr-FR","potentialAction":[{"@type":"ReadAction","target":["https:\/\/www.geoplastglobal.com\/fr\/services\/"]}]},{"@type":"ImageObject","inLanguage":"fr-FR","@id":"https:\/\/www.geoplastglobal.com\/fr\/services\/#primaryimage","url":"https:\/\/www.geoplastglobal.com\/wp-content\/uploads\/2021\/09\/Geoplast-Consulting-scaled.jpg","contentUrl":"https:\/\/www.geoplastglobal.com\/wp-content\/uploads\/2021\/09\/Geoplast-Consulting-scaled.jpg","width":2560,"height":666,"caption":"La Ciudad de les Arts y las Ci\u00e8ncias, Valence, Espagne"},{"@type":"WebSite","@id":"https:\/\/www.geoplastglobal.com\/fr\/#website","url":"https:\/\/www.geoplastglobal.com\/fr\/","name":"Geoplast","description":"Geoplast S.p.A.","publisher":{"@id":"https:\/\/www.geoplastglobal.com\/fr\/#organization"},"potentialAction":[{"@type":"SearchAction","target":{"@type":"EntryPoint","urlTemplate":"https:\/\/www.geoplastglobal.com\/fr\/?s={search_term_string}"},"query-input":{"@type":"PropertyValueSpecification","valueRequired":true,"valueName":"search_term_string"}}],"inLanguage":"fr-FR"},{"@type":"Organization","@id":"https:\/\/www.geoplastglobal.com\/fr\/#organization","name":"Geoplast","url":"https:\/\/www.geoplastglobal.com\/fr\/","logo":{"@type":"ImageObject","inLanguage":"fr-FR","@id":"https:\/\/www.geoplastglobal.com\/fr\/#\/schema\/logo\/image\/","url":"https:\/\/www.geoplastglobal.com\/wp-content\/uploads\/2016\/11\/geoplast.jpg","contentUrl":"https:\/\/www.geoplastglobal.com\/wp-content\/uploads\/2016\/11\/geoplast.jpg","width":1644,"height":1030,"caption":"Geoplast"},"image":{"@id":"https:\/\/www.geoplastglobal.com\/fr\/#\/schema\/logo\/image\/"},"sameAs":["https:\/\/www.facebook.com\/geoplast","https:\/\/x.com\/Geoplast","https:\/\/www.linkedin.com\/company\/geoplast-spa","https:\/\/www.youtube.com\/user\/GEOPLASTspa"]}]}},"_links":{"self":[{"href":"https:\/\/www.geoplastglobal.com\/fr\/wp-json\/wp\/v2\/pages\/160604","targetHints":{"allow":["GET"]}}],"collection":[{"href":"https:\/\/www.geoplastglobal.com\/fr\/wp-json\/wp\/v2\/pages"}],"about":[{"href":"https:\/\/www.geoplastglobal.com\/fr\/wp-json\/wp\/v2\/types\/page"}],"author":[{"embeddable":true,"href":"https:\/\/www.geoplastglobal.com\/fr\/wp-json\/wp\/v2\/users\/40"}],"replies":[{"embeddable":true,"href":"https:\/\/www.geoplastglobal.com\/fr\/wp-json\/wp\/v2\/comments?post=160604"}],"version-history":[{"count":12,"href":"https:\/\/www.geoplastglobal.com\/fr\/wp-json\/wp\/v2\/pages\/160604\/revisions"}],"predecessor-version":[{"id":215759,"href":"https:\/\/www.geoplastglobal.com\/fr\/wp-json\/wp\/v2\/pages\/160604\/revisions\/215759"}],"wp:featuredmedia":[{"embeddable":true,"href":"https:\/\/www.geoplastglobal.com\/fr\/wp-json\/wp\/v2\/media\/160105"}],"wp:attachment":[{"href":"https:\/\/www.geoplastglobal.com\/fr\/wp-json\/wp\/v2\/media?parent=160604"}],"curies":[{"name":"wp","href":"https:\/\/api.w.org\/{rel}","templated":true}]}}