
{"id":2046,"date":"2014-07-22T14:06:49","date_gmt":"2014-07-22T14:06:49","guid":{"rendered":"https:\/\/www.geoplastglobal.com\/?p=2046"},"modified":"2021-12-02T10:28:34","modified_gmt":"2021-12-02T10:28:34","slug":"green-building-council","status":"publish","type":"page","link":"https:\/\/www.geoplastglobal.com\/es\/green-building-council\/","title":{"rendered":"Green Building Council"},"content":{"rendered":"<div class=\"green-page\">\r\n\t<div class=\"background\" style=\"background-image: url(\/wp-content\/uploads\/2016\/09\/cielo.jpg)\">\r\n\t\t<div class=\"field field-name-field-image field-type-image field-label-hidden\"><div class=\"field-items\"><div class=\"field-item even\"><img decoding=\"async\" src=\"\/wp-content\/uploads\/2016\/09\/logo.png?itok=ohqCy0Fs\" \/><\/div><\/div><\/div>\t\t<div class=\"field field-name-field-title field-type-text field-label-hidden\"><div class=\"field-items\"><div class=\"field-item even\">Geoplast S.p.A. en Green Building Council Italia, La Red Social de la Construcci\u00f3n Sostenible<\/div><\/div><\/div>\t<\/div>\r\n\t<div class=\"content centrato\">\r\n\t\t<div class=\"field-collection-container clearfix\">\r\n    \r\n                            <div class=\"columns-wrapper three-columns\">\r\n                \r\n        \r\n            <div class=\"column column-1\">\r\n                            <p><strong>Geoplast S.p.A.<\/strong>, empresa l\u00edder en el dise\u00f1o y fabricaci\u00f3n de productos para la construcci\u00f3n sostenible, los encofrados, el verde, el tratamiento de aguas, el deporte y el medio ambiente, es socio ordinario del Green Building Council Italia.<\/p>\r\n\r\n\r\n\r\n<p>El&nbsp;<strong>Green Building Council Italia<\/strong>&nbsp;es una asociaci\u00f3n de empresas, despachos profesionales asociados, administraciones p\u00fablicas, universidades, asociaciones, institutos y centros, basada en el consenso y en la valoraci\u00f3n de la integraci\u00f3n entre competencias t\u00e9cnicas cient\u00edficas y competencias operativas, que persigue, mediante el desarrollo y adaptaci\u00f3n de LEED (Leadership in Energy and Environmental Design), a la realidad italiana, el objetivo de transformar el mercado para que los &#8220;edificios verdes&#8221; &#8211; edificios con bajo impacto medioambiental &#8211; pasen a ser habituales y se acepten como factor radicado en la sociedad.<\/p>\r\n                    <\/div>\r\n            <div class=\"column column-2\">\r\n                            <p lang=\"ru-RU\">Cada vez m\u00e1s estudios de dise\u00f1o, ingenieros, arquitectos, gerentes de servicios de mantenimiento, dise\u00f1adores de interiores, paisajistas, urbanistas, empresas de construcci\u00f3n, instituciones financieras y administraciones p\u00fablicas de todo el mundo utilizan LEED para contribuir a la sostenibilidad medioambiental mediante pr\u00e1cticas innovadoras y de excelencia. LEED es un punto de referencia esencial para todas las empresas que pretenden operar en el mercado global.<\/p>\r\n\r\n\r\n\r\n<p>Por ello Geoplast S.p.A.ha decidido compartir la filosof\u00eda y los fines del GBC Italia, junto a otras empresas excelentes del mercado italiano.<\/p>\r\n\r\n\r\n\r\n<p>Todos los miembros del GBC Italia son l\u00edderes activos que se comprometen en primera persona, en sus respectivos \u00e1mbitos, a operar para desarrollar y proponer productos y edificios sostenibles de perfil alto y ofrecer una extensa cartera de servicios para responder a las diferentes necesidades<\/p>\r\n                    <\/div>\r\n            <div class=\"column column-3\">\r\n                            <p lang=\"ru-RU\">de la actividad inmobiliaria, coherentes con las pol\u00edticas de sostenibilidad y caracterizados por un servicio de calidad superior para los clientes.<\/p>\r\n\r\n\r\n\r\n<p>Adem\u00e1s de ello, los participantes favorecen un crecimiento continuo de las competencias de la industria de la construcci\u00f3n en su conjunto, mejorando los criterios de rendimiento de LEED Italia y promoviendo las ventajas tangibles e intangibles de los &#8220;edificios verdes&#8221; durante todo el ciclo de vida de los mismos, incluyendo los beneficios medioambientales, econ\u00f3micos y sociales.<\/p>\r\n\r\n\r\n<p>Con esta importante afiliaci\u00f3n, Geoplast S.p.A. se muestra una vez m\u00e1s implicada en las cuestiones relativas a la construcci\u00f3n sostenible y al respeto al medio ambiente. Valores fuertes que estimulan a la Direcci\u00f3n de la empresa e impulsan al estudio y fabricaci\u00f3n de productos innovadores para construir de manera eficiente con la mirada puesta en el bienestar de las personas.<\/p>\r\n                    <\/div>\r\n    \r\n                \r\n    \r\n                            \r\n            <\/div> \r\n                        <div class=\"columns-wrapper one-columns\">\r\n                \r\n        \r\n            <div class=\"column column-1\">\r\n                    <\/div>\r\n    \r\n                \r\n\r\n<\/div>\r\n\r\n\r\n\r\n<\/div>\t\t\t\t<div class=\"green-page-buttons\">\r\n\t\t\t\t\t\t\t\t\t\t\t<div class=\"btnGeo\">\r\n\t\t\t\t\t<a href=\"\/wp-content\/uploads\/2019\/09\/Green-Building-Council-Italy-Members-Manifest.pdf\">Manifesto socis GBC ITALIA<\/a>\t\t\t\t<\/div>\r\n\t\t\t\t\t\t\t\t\t\t\t<div class=\"btnGeo\">\r\n\t\t\t\t\t<a href=\"\/wp-content\/uploads\/2019\/09\/What-qualifies-and-certifies-the-LEED.pdf\">\u00bfQu\u00e9 califica y certifica el LEED?<\/a>\t\t\t\t<\/div>\r\n\t\t\t\t\t<\/div>\t\r\n\t<\/div>\r\n\t<div class=\"field-collection-container clearfix\">\r\n    <div class=\"sections\">\r\n        \r\n            \r\n            <div class=\"section section-shadow\" id=\"section-0\">\r\n                <div class=\"centrato\">\r\n\r\n                                        \r\n                    <div class=\"field-collection-container clearfix\">\r\n\r\n                                \r\n                            \r\n                                                                                                                            <div class=\"columns-wrapper one-columns\">\r\n                            \r\n                            \r\n                                                            <div class=\"column column-1\">\r\n                                                                            <h4 class=\"rtecenter\" style=\"text-transform:uppercase\">eco-compatibiliDAD<\/h4>\r\n                                                                    <\/div>\r\n                            \r\n                            \r\n\r\n                        \r\n    \r\n            \r\n                                \r\n                            \r\n                            \r\n                            \r\n                                                            <div class=\"column column-1\">\r\n                                                                           <img decoding=\"async\" alt=\"\" class=\"media-image img__fid__4001 img__view_mode__media_original attr__format__media_original\" src=\"\/wp-content\/uploads\/2018\/08\/green-building-council.png\" \/>\r\n\r\n\r\n<h4 class=\"rtecenter\" style=\"text-transform: uppercase; color: #161616;\">Con lOS PRODUCTOS&nbsp;Geoplast la coNSTRUCCI\u00d3N ECOL\u00d3GICA YA ES POSIBLE<\/h4>\r\n\r\n                                                                    <\/div>\r\n                            \r\n                            \r\n\r\n                        \r\n    \r\n            \r\n                                \r\n                            \r\n                                                                                                  \r\n                                    <\/div> \r\n                                                                                                <div class=\"columns-wrapper two-columns\">\r\n                            \r\n                            \r\n                                                            <div class=\"column column-1\">\r\n                                                                            <div style=\"text-align:justify\">\r\n<p>Una construcci\u00f3n ecocompatible Geoplast se construye desde los cimientos: con <strong>MODULO SYSTEM<\/strong>, <strong>MINIMODULO<\/strong> y <strong>NUEVO ELEVETOR<\/strong> se realiza una cimentaci\u00f3n ventilada y monol\u00edtica que elimina la humedad ascendente y el gas rad\u00f3n los cuales, de forma totalmente natural, tienden a subir desde el suelo y a entrar en contacto con el hombre, concentr\u00e1ndose sobre todo en los pisos bajos de los edificios.&nbsp;<\/p>\r\n\r\n\r\n\r\n<p>Ambos elementos son nocivos, el segundo incluso mortal si inhalado durante largos periodos. Una fundaci\u00f3n monol\u00edtica, por su parte, garantiza la solidez estructural eliminando el problema de los agrietamientos. Utilizando <strong>DEFENDER<\/strong> se obtiene el total aislamiento de los muros contraterreno, para ambientes secos y salubres.<\/p>\r\n\r\n<p><br \/>\r\nTodos los muros y las columnas de hormig\u00f3n se pueden realizar con los sistemas <strong>GEOTUB<\/strong>, <strong>GEOTUB PANEL<\/strong>, <strong>GEOPANEL<\/strong>&nbsp;y <strong>GEOPANEL STAR<\/strong>&nbsp;mientras los forjados se construyen&nbsp;con <strong>GEOSKY<\/strong> (con desencofrado anticipado), <strong>SKYRAIL<\/strong> (unidireccionales aligerados), <strong>SKYDOME<\/strong> (bidireccionales para grandes luces) y <strong>AIRPLAST<\/strong> (bidireccionales aligerados) utilizando siempre encofrados de pl\u00e1sticos de alta resistencia, contribuyendo as\u00ed a reducir el uso de la madera en la construcci\u00f3n, contribuyendo a la reducci\u00f3n del fen\u00f3meno de la deforestaci\u00f3n. <strong>GEOPANEL ART<\/strong> es el sistema ideal para la realizaci\u00f3n de&nbsp;muros decorados, que pueden ser dejados expuestos.<\/p>\r\n<\/div>\r\n                                                                    <\/div>\r\n                                                            <div class=\"column column-2\">\r\n                                                                            <p>Una vez llegados al techo, con <strong>DRAINROOF<\/strong> es posible realizar una terraza ajardinada, devolviendo al medio ambiente el verde que le ha sido arrebatado y, al mismo tiempo, obtener un recubrimiento m\u00e1s fresco en verano y m\u00e1s c\u00e1lido en invierno.<\/p>\r\n\r\n<div style=\"text-align:justify\">\r\n<p>Vivir de forma sana no significa sin embargo permanecer encerrados entre las paredes, sino disfrutar de \u00e1reas verdes utilizables. Realizando&nbsp;\u00e1reas verdes&nbsp;transitables y aparcamientos encespados con <strong>SALVAVERDE<\/strong>, <strong>GEOFLOR<\/strong>, <strong>RUNFLOOR GREEN<\/strong> se podr\u00e1 transitar&nbsp;y aparcar tranquilamente&nbsp;sobre una zona verde que de lo contrario habr\u00eda sido un intocable o delicado parterre o, peor, una negra extensi\u00f3n de asfalto.&nbsp;<\/p>\r\n\r\n\r\n\r\n<p>\u00bfY para paredes verdes verticales? Ecco <strong>WALL-Y<\/strong>, la rejilla de polietileno de alta densidad para unas maravillosas paredes vegetales. Para la acumulaci\u00f3n y la recogida de las aguas pluviales se pueden construir dep\u00f3sitos de acumulaci\u00f3n y de drenaje enterrados con el sistema <strong>DRENING<\/strong> y <strong>NUEVO ELEVETOR TANK<\/strong>, que permiten eliminar las&nbsp;aguas estancadas, fuentes de olor y de mosquitos.<\/p>\r\n\r\n\r\n\r\n<p>Para los momentos de ocio y diversi\u00f3n est\u00e1 <strong>GRIPPER<\/strong>, la superficie deportiva polivalente; mientras, para un sano relax, un bonito pavimento drenante realizado con <strong>PLASTONELLA<\/strong>. <strong>BIOMODULO<\/strong>, por \u00faltimo, se revelar\u00e1 como el producto ideal para sistemas de difusi\u00f3n de aire para instalaciones de desodorizaci\u00f3n y compostaje.<\/p>\r\n<\/div>\r\n                                                                    <\/div>\r\n                            \r\n                            \r\n\r\n                        \r\n    \r\n            \r\n    \r\n    \r\n            \r\n    \r\n    \r\n            \r\n    \r\n    \r\n            \r\n\r\n  \r\n<\/div>\r\n<\/div>\r\n                                        \r\n                            \r\n                            \r\n                <\/div>\r\n            <\/div>\r\n\r\n            <\/div>\r\n\r\n\r\n<\/div>\r\n<\/div>","protected":false},"excerpt":{"rendered":"<p>Geoplast S.p.A. en Green Building Council Italia, La Red Social de la Construcci\u00f3n Sostenible Geoplast S.p.A., empresa l\u00edder en el dise\u00f1o y fabricaci\u00f3n de productos para la construcci\u00f3n sostenible, los encofrados, el verde, el tratamiento de aguas, el deporte y el medio ambiente, es socio ordinario del Green Building Council [&hellip;]<\/p>\n","protected":false},"author":12,"featured_media":0,"parent":0,"menu_order":0,"comment_status":"open","ping_status":"open","template":"","meta":{"_acf_changed":false,"footnotes":""},"class_list":["post-2046","page","type-page","status-publish","hentry"],"acf":[],"yoast_head":"<!-- This site is optimized with the Yoast SEO plugin v27.3 - https:\/\/yoast.com\/product\/yoast-seo-wordpress\/ -->\n<title>Geoplast es miembro de Green Building Council Italia<\/title>\n<meta name=\"description\" content=\"Geoplast S.p.A., empresa l\u00edder en el dise\u00f1o y fabricaci\u00f3n de productos para la construcci\u00f3n sostenible, los encofrados, el verde, el tratamiento de aguas, el deporte y el medio ambiente, es socio ordinario del Green Building Council Italia.\" \/>\n<meta name=\"robots\" content=\"index, follow, max-snippet:-1, max-image-preview:large, max-video-preview:-1\" \/>\n<link rel=\"canonical\" href=\"https:\/\/www.geoplastglobal.com\/es\/green-building-council\/\" \/>\n<meta property=\"og:locale\" content=\"es_ES\" \/>\n<meta property=\"og:type\" content=\"article\" \/>\n<meta property=\"og:title\" content=\"Geoplast es miembro de Green Building Council Italia\" \/>\n<meta property=\"og:description\" content=\"Geoplast S.p.A., empresa l\u00edder en el dise\u00f1o y fabricaci\u00f3n de productos para la construcci\u00f3n sostenible, los encofrados, el verde, el tratamiento de aguas, el deporte y el medio ambiente, es socio ordinario del Green Building Council Italia.\" \/>\n<meta property=\"og:url\" content=\"https:\/\/www.geoplastglobal.com\/es\/green-building-council\/\" \/>\n<meta property=\"og:site_name\" content=\"Geoplast\" \/>\n<meta property=\"article:publisher\" content=\"https:\/\/www.facebook.com\/geoplast\" \/>\n<meta property=\"article:modified_time\" content=\"2021-12-02T10:28:34+00:00\" \/>\n<meta property=\"og:image\" content=\"https:\/\/www.geoplastglobal.com\/wp-content\/uploads\/2016\/09\/logo.png\" \/>\n<meta name=\"twitter:card\" content=\"summary_large_image\" \/>\n<meta name=\"twitter:site\" content=\"@Geoplast\" \/>\n<meta name=\"twitter:label1\" content=\"Est. reading time\" \/>\n\t<meta name=\"twitter:data1\" content=\"5 minutes\" \/>\n<script type=\"application\/ld+json\" class=\"yoast-schema-graph\">{\"@context\":\"https:\\\/\\\/schema.org\",\"@graph\":[{\"@type\":\"WebPage\",\"@id\":\"https:\\\/\\\/www.geoplastglobal.com\\\/es\\\/green-building-council\\\/\",\"url\":\"https:\\\/\\\/www.geoplastglobal.com\\\/es\\\/green-building-council\\\/\",\"name\":\"Geoplast es miembro de Green Building Council Italia\",\"isPartOf\":{\"@id\":\"https:\\\/\\\/www.geoplastglobal.com\\\/es\\\/#website\"},\"datePublished\":\"2014-07-22T14:06:49+00:00\",\"dateModified\":\"2021-12-02T10:28:34+00:00\",\"description\":\"Geoplast S.p.A., empresa l\u00edder en el dise\u00f1o y fabricaci\u00f3n de productos para la construcci\u00f3n sostenible, los encofrados, el verde, el tratamiento de aguas, el deporte y el medio ambiente, es socio ordinario del Green Building Council Italia.\",\"inLanguage\":\"es-ES\",\"potentialAction\":[{\"@type\":\"ReadAction\",\"target\":[\"https:\\\/\\\/www.geoplastglobal.com\\\/es\\\/green-building-council\\\/\"]}]},{\"@type\":\"WebSite\",\"@id\":\"https:\\\/\\\/www.geoplastglobal.com\\\/es\\\/#website\",\"url\":\"https:\\\/\\\/www.geoplastglobal.com\\\/es\\\/\",\"name\":\"Geoplast\",\"description\":\"Geoplast S.p.A.\",\"publisher\":{\"@id\":\"https:\\\/\\\/www.geoplastglobal.com\\\/es\\\/#organization\"},\"potentialAction\":[{\"@type\":\"SearchAction\",\"target\":{\"@type\":\"EntryPoint\",\"urlTemplate\":\"https:\\\/\\\/www.geoplastglobal.com\\\/es\\\/?s={search_term_string}\"},\"query-input\":{\"@type\":\"PropertyValueSpecification\",\"valueRequired\":true,\"valueName\":\"search_term_string\"}}],\"inLanguage\":\"es-ES\"},{\"@type\":\"Organization\",\"@id\":\"https:\\\/\\\/www.geoplastglobal.com\\\/es\\\/#organization\",\"name\":\"Geoplast\",\"url\":\"https:\\\/\\\/www.geoplastglobal.com\\\/es\\\/\",\"logo\":{\"@type\":\"ImageObject\",\"inLanguage\":\"es-ES\",\"@id\":\"https:\\\/\\\/www.geoplastglobal.com\\\/es\\\/#\\\/schema\\\/logo\\\/image\\\/\",\"url\":\"https:\\\/\\\/www.geoplastglobal.com\\\/wp-content\\\/uploads\\\/2016\\\/11\\\/geoplast.jpg\",\"contentUrl\":\"https:\\\/\\\/www.geoplastglobal.com\\\/wp-content\\\/uploads\\\/2016\\\/11\\\/geoplast.jpg\",\"width\":1644,\"height\":1030,\"caption\":\"Geoplast\"},\"image\":{\"@id\":\"https:\\\/\\\/www.geoplastglobal.com\\\/es\\\/#\\\/schema\\\/logo\\\/image\\\/\"},\"sameAs\":[\"https:\\\/\\\/www.facebook.com\\\/geoplast\",\"https:\\\/\\\/x.com\\\/Geoplast\",\"https:\\\/\\\/www.linkedin.com\\\/company\\\/geoplast-spa\",\"https:\\\/\\\/www.youtube.com\\\/user\\\/GEOPLASTspa\"]}]}<\/script>\n<!-- \/ Yoast SEO plugin. -->","yoast_head_json":{"title":"Geoplast es miembro de Green Building Council Italia","description":"Geoplast S.p.A., empresa l\u00edder en el dise\u00f1o y fabricaci\u00f3n de productos para la construcci\u00f3n sostenible, los encofrados, el verde, el tratamiento de aguas, el deporte y el medio ambiente, es socio ordinario del Green Building Council Italia.","robots":{"index":"index","follow":"follow","max-snippet":"max-snippet:-1","max-image-preview":"max-image-preview:large","max-video-preview":"max-video-preview:-1"},"canonical":"https:\/\/www.geoplastglobal.com\/es\/green-building-council\/","og_locale":"es_ES","og_type":"article","og_title":"Geoplast es miembro de Green Building Council Italia","og_description":"Geoplast S.p.A., empresa l\u00edder en el dise\u00f1o y fabricaci\u00f3n de productos para la construcci\u00f3n sostenible, los encofrados, el verde, el tratamiento de aguas, el deporte y el medio ambiente, es socio ordinario del Green Building Council Italia.","og_url":"https:\/\/www.geoplastglobal.com\/es\/green-building-council\/","og_site_name":"Geoplast","article_publisher":"https:\/\/www.facebook.com\/geoplast","article_modified_time":"2021-12-02T10:28:34+00:00","og_image":[{"url":"https:\/\/www.geoplastglobal.com\/wp-content\/uploads\/2016\/09\/logo.png","type":"","width":"","height":""}],"twitter_card":"summary_large_image","twitter_site":"@Geoplast","twitter_misc":{"Est. reading time":"5 minutes"},"schema":{"@context":"https:\/\/schema.org","@graph":[{"@type":"WebPage","@id":"https:\/\/www.geoplastglobal.com\/es\/green-building-council\/","url":"https:\/\/www.geoplastglobal.com\/es\/green-building-council\/","name":"Geoplast es miembro de Green Building Council Italia","isPartOf":{"@id":"https:\/\/www.geoplastglobal.com\/es\/#website"},"datePublished":"2014-07-22T14:06:49+00:00","dateModified":"2021-12-02T10:28:34+00:00","description":"Geoplast S.p.A., empresa l\u00edder en el dise\u00f1o y fabricaci\u00f3n de productos para la construcci\u00f3n sostenible, los encofrados, el verde, el tratamiento de aguas, el deporte y el medio ambiente, es socio ordinario del Green Building Council Italia.","inLanguage":"es-ES","potentialAction":[{"@type":"ReadAction","target":["https:\/\/www.geoplastglobal.com\/es\/green-building-council\/"]}]},{"@type":"WebSite","@id":"https:\/\/www.geoplastglobal.com\/es\/#website","url":"https:\/\/www.geoplastglobal.com\/es\/","name":"Geoplast","description":"Geoplast S.p.A.","publisher":{"@id":"https:\/\/www.geoplastglobal.com\/es\/#organization"},"potentialAction":[{"@type":"SearchAction","target":{"@type":"EntryPoint","urlTemplate":"https:\/\/www.geoplastglobal.com\/es\/?s={search_term_string}"},"query-input":{"@type":"PropertyValueSpecification","valueRequired":true,"valueName":"search_term_string"}}],"inLanguage":"es-ES"},{"@type":"Organization","@id":"https:\/\/www.geoplastglobal.com\/es\/#organization","name":"Geoplast","url":"https:\/\/www.geoplastglobal.com\/es\/","logo":{"@type":"ImageObject","inLanguage":"es-ES","@id":"https:\/\/www.geoplastglobal.com\/es\/#\/schema\/logo\/image\/","url":"https:\/\/www.geoplastglobal.com\/wp-content\/uploads\/2016\/11\/geoplast.jpg","contentUrl":"https:\/\/www.geoplastglobal.com\/wp-content\/uploads\/2016\/11\/geoplast.jpg","width":1644,"height":1030,"caption":"Geoplast"},"image":{"@id":"https:\/\/www.geoplastglobal.com\/es\/#\/schema\/logo\/image\/"},"sameAs":["https:\/\/www.facebook.com\/geoplast","https:\/\/x.com\/Geoplast","https:\/\/www.linkedin.com\/company\/geoplast-spa","https:\/\/www.youtube.com\/user\/GEOPLASTspa"]}]}},"_links":{"self":[{"href":"https:\/\/www.geoplastglobal.com\/es\/wp-json\/wp\/v2\/pages\/2046","targetHints":{"allow":["GET"]}}],"collection":[{"href":"https:\/\/www.geoplastglobal.com\/es\/wp-json\/wp\/v2\/pages"}],"about":[{"href":"https:\/\/www.geoplastglobal.com\/es\/wp-json\/wp\/v2\/types\/page"}],"author":[{"embeddable":true,"href":"https:\/\/www.geoplastglobal.com\/es\/wp-json\/wp\/v2\/users\/12"}],"replies":[{"embeddable":true,"href":"https:\/\/www.geoplastglobal.com\/es\/wp-json\/wp\/v2\/comments?post=2046"}],"version-history":[{"count":9,"href":"https:\/\/www.geoplastglobal.com\/es\/wp-json\/wp\/v2\/pages\/2046\/revisions"}],"predecessor-version":[{"id":163013,"href":"https:\/\/www.geoplastglobal.com\/es\/wp-json\/wp\/v2\/pages\/2046\/revisions\/163013"}],"wp:attachment":[{"href":"https:\/\/www.geoplastglobal.com\/es\/wp-json\/wp\/v2\/media?parent=2046"}],"curies":[{"name":"wp","href":"https:\/\/api.w.org\/{rel}","templated":true}]}}