
{"id":132211,"date":"2019-12-06T15:07:03","date_gmt":"2019-12-06T15:07:03","guid":{"rendered":"https:\/\/www.geoplastglobal.com\/calculators\/"},"modified":"2021-11-17T14:27:38","modified_gmt":"2021-11-17T14:27:38","slug":"calculadoras","status":"publish","type":"page","link":"https:\/\/www.geoplastglobal.com\/es\/calculadoras\/","title":{"rendered":"Calculadoras"},"content":{"rendered":"","protected":false},"excerpt":{"rendered":"","protected":false},"author":25,"featured_media":0,"parent":0,"menu_order":0,"comment_status":"closed","ping_status":"closed","template":"archive-calculators.php","meta":{"_acf_changed":false,"footnotes":""},"class_list":["post-132211","page","type-page","status-publish","hentry"],"acf":[],"yoast_head":"<!-- This site is optimized with the Yoast SEO plugin v27.3 - https:\/\/yoast.com\/product\/yoast-seo-wordpress\/ -->\n<title>Calculadoras - Geoplast<\/title>\n<meta name=\"description\" content=\"Herramientas online para estimar la cantidad necesaria de productos de Geoplast para su proyecto, seg\u00fan los par\u00e1metros de dise\u00f1o introducidos.\" \/>\n<meta name=\"robots\" content=\"index, follow, max-snippet:-1, max-image-preview:large, max-video-preview:-1\" \/>\n<link rel=\"canonical\" href=\"https:\/\/www.geoplastglobal.com\/es\/calculadoras\/\" \/>\n<meta property=\"og:locale\" content=\"es_ES\" \/>\n<meta property=\"og:type\" content=\"article\" \/>\n<meta property=\"og:title\" content=\"Calculadoras - Geoplast\" \/>\n<meta property=\"og:description\" content=\"Herramientas online para estimar la cantidad necesaria de productos de Geoplast para su proyecto, seg\u00fan los par\u00e1metros de dise\u00f1o introducidos.\" \/>\n<meta property=\"og:url\" content=\"https:\/\/www.geoplastglobal.com\/es\/calculadoras\/\" \/>\n<meta property=\"og:site_name\" content=\"Geoplast\" \/>\n<meta property=\"article:publisher\" content=\"https:\/\/www.facebook.com\/geoplast\" \/>\n<meta property=\"article:modified_time\" content=\"2021-11-17T14:27:38+00:00\" \/>\n<meta property=\"og:image\" content=\"https:\/\/www.geoplastglobal.com\/wp-content\/uploads\/2021\/07\/Geoplast-Facebook.jpg\" \/>\n\t<meta property=\"og:image:width\" content=\"1240\" \/>\n\t<meta property=\"og:image:height\" content=\"500\" \/>\n\t<meta property=\"og:image:type\" content=\"image\/jpeg\" \/>\n<meta name=\"twitter:card\" content=\"summary_large_image\" \/>\n<meta name=\"twitter:site\" content=\"@Geoplast\" \/>\n<script type=\"application\/ld+json\" class=\"yoast-schema-graph\">{\"@context\":\"https:\\\/\\\/schema.org\",\"@graph\":[{\"@type\":\"WebPage\",\"@id\":\"https:\\\/\\\/www.geoplastglobal.com\\\/es\\\/calculadoras\\\/\",\"url\":\"https:\\\/\\\/www.geoplastglobal.com\\\/es\\\/calculadoras\\\/\",\"name\":\"Calculadoras - Geoplast\",\"isPartOf\":{\"@id\":\"https:\\\/\\\/www.geoplastglobal.com\\\/es\\\/#website\"},\"datePublished\":\"2019-12-06T15:07:03+00:00\",\"dateModified\":\"2021-11-17T14:27:38+00:00\",\"description\":\"Herramientas online para estimar la cantidad necesaria de productos de Geoplast para su proyecto, seg\u00fan los par\u00e1metros de dise\u00f1o introducidos.\",\"inLanguage\":\"es-ES\",\"potentialAction\":[{\"@type\":\"ReadAction\",\"target\":[\"https:\\\/\\\/www.geoplastglobal.com\\\/es\\\/calculadoras\\\/\"]}]},{\"@type\":\"WebSite\",\"@id\":\"https:\\\/\\\/www.geoplastglobal.com\\\/es\\\/#website\",\"url\":\"https:\\\/\\\/www.geoplastglobal.com\\\/es\\\/\",\"name\":\"Geoplast\",\"description\":\"Geoplast S.p.A.\",\"publisher\":{\"@id\":\"https:\\\/\\\/www.geoplastglobal.com\\\/es\\\/#organization\"},\"potentialAction\":[{\"@type\":\"SearchAction\",\"target\":{\"@type\":\"EntryPoint\",\"urlTemplate\":\"https:\\\/\\\/www.geoplastglobal.com\\\/es\\\/?s={search_term_string}\"},\"query-input\":{\"@type\":\"PropertyValueSpecification\",\"valueRequired\":true,\"valueName\":\"search_term_string\"}}],\"inLanguage\":\"es-ES\"},{\"@type\":\"Organization\",\"@id\":\"https:\\\/\\\/www.geoplastglobal.com\\\/es\\\/#organization\",\"name\":\"Geoplast\",\"url\":\"https:\\\/\\\/www.geoplastglobal.com\\\/es\\\/\",\"logo\":{\"@type\":\"ImageObject\",\"inLanguage\":\"es-ES\",\"@id\":\"https:\\\/\\\/www.geoplastglobal.com\\\/es\\\/#\\\/schema\\\/logo\\\/image\\\/\",\"url\":\"https:\\\/\\\/www.geoplastglobal.com\\\/wp-content\\\/uploads\\\/2016\\\/11\\\/geoplast.jpg\",\"contentUrl\":\"https:\\\/\\\/www.geoplastglobal.com\\\/wp-content\\\/uploads\\\/2016\\\/11\\\/geoplast.jpg\",\"width\":1644,\"height\":1030,\"caption\":\"Geoplast\"},\"image\":{\"@id\":\"https:\\\/\\\/www.geoplastglobal.com\\\/es\\\/#\\\/schema\\\/logo\\\/image\\\/\"},\"sameAs\":[\"https:\\\/\\\/www.facebook.com\\\/geoplast\",\"https:\\\/\\\/x.com\\\/Geoplast\",\"https:\\\/\\\/www.linkedin.com\\\/company\\\/geoplast-spa\",\"https:\\\/\\\/www.youtube.com\\\/user\\\/GEOPLASTspa\"]}]}<\/script>\n<!-- \/ Yoast SEO plugin. -->","yoast_head_json":{"title":"Calculadoras - Geoplast","description":"Herramientas online para estimar la cantidad necesaria de productos de Geoplast para su proyecto, seg\u00fan los par\u00e1metros de dise\u00f1o introducidos.","robots":{"index":"index","follow":"follow","max-snippet":"max-snippet:-1","max-image-preview":"max-image-preview:large","max-video-preview":"max-video-preview:-1"},"canonical":"https:\/\/www.geoplastglobal.com\/es\/calculadoras\/","og_locale":"es_ES","og_type":"article","og_title":"Calculadoras - Geoplast","og_description":"Herramientas online para estimar la cantidad necesaria de productos de Geoplast para su proyecto, seg\u00fan los par\u00e1metros de dise\u00f1o introducidos.","og_url":"https:\/\/www.geoplastglobal.com\/es\/calculadoras\/","og_site_name":"Geoplast","article_publisher":"https:\/\/www.facebook.com\/geoplast","article_modified_time":"2021-11-17T14:27:38+00:00","og_image":[{"width":1240,"height":500,"url":"https:\/\/www.geoplastglobal.com\/wp-content\/uploads\/2021\/07\/Geoplast-Facebook.jpg","type":"image\/jpeg"}],"twitter_card":"summary_large_image","twitter_site":"@Geoplast","schema":{"@context":"https:\/\/schema.org","@graph":[{"@type":"WebPage","@id":"https:\/\/www.geoplastglobal.com\/es\/calculadoras\/","url":"https:\/\/www.geoplastglobal.com\/es\/calculadoras\/","name":"Calculadoras - Geoplast","isPartOf":{"@id":"https:\/\/www.geoplastglobal.com\/es\/#website"},"datePublished":"2019-12-06T15:07:03+00:00","dateModified":"2021-11-17T14:27:38+00:00","description":"Herramientas online para estimar la cantidad necesaria de productos de Geoplast para su proyecto, seg\u00fan los par\u00e1metros de dise\u00f1o introducidos.","inLanguage":"es-ES","potentialAction":[{"@type":"ReadAction","target":["https:\/\/www.geoplastglobal.com\/es\/calculadoras\/"]}]},{"@type":"WebSite","@id":"https:\/\/www.geoplastglobal.com\/es\/#website","url":"https:\/\/www.geoplastglobal.com\/es\/","name":"Geoplast","description":"Geoplast S.p.A.","publisher":{"@id":"https:\/\/www.geoplastglobal.com\/es\/#organization"},"potentialAction":[{"@type":"SearchAction","target":{"@type":"EntryPoint","urlTemplate":"https:\/\/www.geoplastglobal.com\/es\/?s={search_term_string}"},"query-input":{"@type":"PropertyValueSpecification","valueRequired":true,"valueName":"search_term_string"}}],"inLanguage":"es-ES"},{"@type":"Organization","@id":"https:\/\/www.geoplastglobal.com\/es\/#organization","name":"Geoplast","url":"https:\/\/www.geoplastglobal.com\/es\/","logo":{"@type":"ImageObject","inLanguage":"es-ES","@id":"https:\/\/www.geoplastglobal.com\/es\/#\/schema\/logo\/image\/","url":"https:\/\/www.geoplastglobal.com\/wp-content\/uploads\/2016\/11\/geoplast.jpg","contentUrl":"https:\/\/www.geoplastglobal.com\/wp-content\/uploads\/2016\/11\/geoplast.jpg","width":1644,"height":1030,"caption":"Geoplast"},"image":{"@id":"https:\/\/www.geoplastglobal.com\/es\/#\/schema\/logo\/image\/"},"sameAs":["https:\/\/www.facebook.com\/geoplast","https:\/\/x.com\/Geoplast","https:\/\/www.linkedin.com\/company\/geoplast-spa","https:\/\/www.youtube.com\/user\/GEOPLASTspa"]}]}},"_links":{"self":[{"href":"https:\/\/www.geoplastglobal.com\/es\/wp-json\/wp\/v2\/pages\/132211","targetHints":{"allow":["GET"]}}],"collection":[{"href":"https:\/\/www.geoplastglobal.com\/es\/wp-json\/wp\/v2\/pages"}],"about":[{"href":"https:\/\/www.geoplastglobal.com\/es\/wp-json\/wp\/v2\/types\/page"}],"author":[{"embeddable":true,"href":"https:\/\/www.geoplastglobal.com\/es\/wp-json\/wp\/v2\/users\/25"}],"replies":[{"embeddable":true,"href":"https:\/\/www.geoplastglobal.com\/es\/wp-json\/wp\/v2\/comments?post=132211"}],"version-history":[{"count":2,"href":"https:\/\/www.geoplastglobal.com\/es\/wp-json\/wp\/v2\/pages\/132211\/revisions"}],"predecessor-version":[{"id":151528,"href":"https:\/\/www.geoplastglobal.com\/es\/wp-json\/wp\/v2\/pages\/132211\/revisions\/151528"}],"wp:attachment":[{"href":"https:\/\/www.geoplastglobal.com\/es\/wp-json\/wp\/v2\/media?parent=132211"}],"curies":[{"name":"wp","href":"https:\/\/api.w.org\/{rel}","templated":true}]}}