
{"id":3196,"date":"2014-08-20T09:28:42","date_gmt":"2014-08-20T09:28:42","guid":{"rendered":"https:\/\/www.geoplastglobal.com\/?p=3196"},"modified":"2026-03-27T14:13:20","modified_gmt":"2026-03-27T14:13:20","slug":"startseite","status":"publish","type":"page","link":"https:\/\/www.geoplastglobal.com\/de\/","title":{"rendered":"STARTSEITE"},"content":{"rendered":"<h3><a href=\"https:\/\/www.geoplastglobal.com\/it\/blog\/\">Neueste insights<\/a><\/h3>","protected":false},"excerpt":{"rendered":"<p>Neueste insights<\/p>\n","protected":false},"author":12,"featured_media":0,"parent":0,"menu_order":0,"comment_status":"closed","ping_status":"closed","template":"home.php","meta":{"_acf_changed":false,"footnotes":""},"class_list":["post-3196","page","type-page","status-publish","hentry"],"acf":[],"yoast_head":"<!-- This site is optimized with the Yoast SEO plugin v27.3 - https:\/\/yoast.com\/product\/yoast-seo-wordpress\/ -->\n<title>Geoplast - Building beyond together<\/title>\n<meta name=\"description\" content=\"Geoplast produziert innovative L\u00f6sungen f\u00fcr Fundamente, Schalung, Decken, vertikale Gr\u00fcne und Dachg\u00e4rten, Wasserf\u00fchrung und Sportb\u00f6den.\" \/>\n<meta name=\"robots\" content=\"index, follow, max-snippet:-1, max-image-preview:large, max-video-preview:-1\" \/>\n<link rel=\"canonical\" href=\"https:\/\/www.geoplastglobal.com\/de\/\" \/>\n<meta property=\"og:locale\" content=\"de_DE\" \/>\n<meta property=\"og:type\" content=\"article\" \/>\n<meta property=\"og:title\" content=\"Geoplast - Building beyond together\" \/>\n<meta property=\"og:description\" content=\"Geoplast produziert innovative L\u00f6sungen f\u00fcr Fundamente, Schalung, Decken, vertikale Gr\u00fcne und Dachg\u00e4rten, Wasserf\u00fchrung und Sportb\u00f6den.\" \/>\n<meta property=\"og:url\" content=\"https:\/\/www.geoplastglobal.com\/de\/\" \/>\n<meta property=\"og:site_name\" content=\"Geoplast\" \/>\n<meta property=\"article:publisher\" content=\"https:\/\/www.facebook.com\/geoplast\" \/>\n<meta property=\"article:modified_time\" content=\"2026-03-27T14:13:20+00:00\" \/>\n<meta property=\"og:image\" content=\"https:\/\/www.geoplastglobal.com\/wp-content\/uploads\/2026\/01\/de-Geoplast-sustainable-construction-cover.jpg\" \/>\n\t<meta property=\"og:image:width\" content=\"2000\" \/>\n\t<meta property=\"og:image:height\" content=\"700\" \/>\n\t<meta property=\"og:image:type\" content=\"image\/jpeg\" \/>\n<meta name=\"twitter:card\" content=\"summary_large_image\" \/>\n<meta name=\"twitter:site\" content=\"@Geoplast\" \/>\n<meta name=\"twitter:label1\" content=\"Est. reading time\" \/>\n\t<meta name=\"twitter:data1\" content=\"1 minute\" \/>\n<script type=\"application\/ld+json\" class=\"yoast-schema-graph\">{\"@context\":\"https:\\\/\\\/schema.org\",\"@graph\":[{\"@type\":\"WebPage\",\"@id\":\"https:\\\/\\\/www.geoplastglobal.com\\\/de\\\/\",\"url\":\"https:\\\/\\\/www.geoplastglobal.com\\\/de\\\/\",\"name\":\"Geoplast - Building beyond together\",\"isPartOf\":{\"@id\":\"https:\\\/\\\/www.geoplastglobal.com\\\/de\\\/#website\"},\"datePublished\":\"2014-08-20T09:28:42+00:00\",\"dateModified\":\"2026-03-27T14:13:20+00:00\",\"description\":\"Geoplast produziert innovative L\u00f6sungen f\u00fcr Fundamente, Schalung, Decken, vertikale Gr\u00fcne und Dachg\u00e4rten, Wasserf\u00fchrung und Sportb\u00f6den.\",\"inLanguage\":\"de-DE\",\"potentialAction\":[{\"@type\":\"ReadAction\",\"target\":[\"https:\\\/\\\/www.geoplastglobal.com\\\/de\\\/\"]}]},{\"@type\":\"WebSite\",\"@id\":\"https:\\\/\\\/www.geoplastglobal.com\\\/de\\\/#website\",\"url\":\"https:\\\/\\\/www.geoplastglobal.com\\\/de\\\/\",\"name\":\"Geoplast\",\"description\":\"Geoplast S.p.A.\",\"publisher\":{\"@id\":\"https:\\\/\\\/www.geoplastglobal.com\\\/de\\\/#organization\"},\"potentialAction\":[{\"@type\":\"SearchAction\",\"target\":{\"@type\":\"EntryPoint\",\"urlTemplate\":\"https:\\\/\\\/www.geoplastglobal.com\\\/de\\\/?s={search_term_string}\"},\"query-input\":{\"@type\":\"PropertyValueSpecification\",\"valueRequired\":true,\"valueName\":\"search_term_string\"}}],\"inLanguage\":\"de-DE\"},{\"@type\":\"Organization\",\"@id\":\"https:\\\/\\\/www.geoplastglobal.com\\\/de\\\/#organization\",\"name\":\"Geoplast\",\"url\":\"https:\\\/\\\/www.geoplastglobal.com\\\/de\\\/\",\"logo\":{\"@type\":\"ImageObject\",\"inLanguage\":\"de-DE\",\"@id\":\"https:\\\/\\\/www.geoplastglobal.com\\\/de\\\/#\\\/schema\\\/logo\\\/image\\\/\",\"url\":\"https:\\\/\\\/www.geoplastglobal.com\\\/wp-content\\\/uploads\\\/2016\\\/11\\\/geoplast.jpg\",\"contentUrl\":\"https:\\\/\\\/www.geoplastglobal.com\\\/wp-content\\\/uploads\\\/2016\\\/11\\\/geoplast.jpg\",\"width\":1644,\"height\":1030,\"caption\":\"Geoplast\"},\"image\":{\"@id\":\"https:\\\/\\\/www.geoplastglobal.com\\\/de\\\/#\\\/schema\\\/logo\\\/image\\\/\"},\"sameAs\":[\"https:\\\/\\\/www.facebook.com\\\/geoplast\",\"https:\\\/\\\/x.com\\\/Geoplast\",\"https:\\\/\\\/www.linkedin.com\\\/company\\\/geoplast-spa\",\"https:\\\/\\\/www.youtube.com\\\/user\\\/GEOPLASTspa\"]}]}<\/script>\n<!-- \/ Yoast SEO plugin. -->","yoast_head_json":{"title":"Geoplast - Building beyond together","description":"Geoplast produziert innovative L\u00f6sungen f\u00fcr Fundamente, Schalung, Decken, vertikale Gr\u00fcne und Dachg\u00e4rten, Wasserf\u00fchrung und Sportb\u00f6den.","robots":{"index":"index","follow":"follow","max-snippet":"max-snippet:-1","max-image-preview":"max-image-preview:large","max-video-preview":"max-video-preview:-1"},"canonical":"https:\/\/www.geoplastglobal.com\/de\/","og_locale":"de_DE","og_type":"article","og_title":"Geoplast - Building beyond together","og_description":"Geoplast produziert innovative L\u00f6sungen f\u00fcr Fundamente, Schalung, Decken, vertikale Gr\u00fcne und Dachg\u00e4rten, Wasserf\u00fchrung und Sportb\u00f6den.","og_url":"https:\/\/www.geoplastglobal.com\/de\/","og_site_name":"Geoplast","article_publisher":"https:\/\/www.facebook.com\/geoplast","article_modified_time":"2026-03-27T14:13:20+00:00","og_image":[{"width":2000,"height":700,"url":"https:\/\/www.geoplastglobal.com\/wp-content\/uploads\/2026\/01\/de-Geoplast-sustainable-construction-cover.jpg","type":"image\/jpeg"}],"twitter_card":"summary_large_image","twitter_site":"@Geoplast","twitter_misc":{"Est. reading time":"1 minute"},"schema":{"@context":"https:\/\/schema.org","@graph":[{"@type":"WebPage","@id":"https:\/\/www.geoplastglobal.com\/de\/","url":"https:\/\/www.geoplastglobal.com\/de\/","name":"Geoplast - Building beyond together","isPartOf":{"@id":"https:\/\/www.geoplastglobal.com\/de\/#website"},"datePublished":"2014-08-20T09:28:42+00:00","dateModified":"2026-03-27T14:13:20+00:00","description":"Geoplast produziert innovative L\u00f6sungen f\u00fcr Fundamente, Schalung, Decken, vertikale Gr\u00fcne und Dachg\u00e4rten, Wasserf\u00fchrung und Sportb\u00f6den.","inLanguage":"de-DE","potentialAction":[{"@type":"ReadAction","target":["https:\/\/www.geoplastglobal.com\/de\/"]}]},{"@type":"WebSite","@id":"https:\/\/www.geoplastglobal.com\/de\/#website","url":"https:\/\/www.geoplastglobal.com\/de\/","name":"Geoplast","description":"Geoplast S.p.A.","publisher":{"@id":"https:\/\/www.geoplastglobal.com\/de\/#organization"},"potentialAction":[{"@type":"SearchAction","target":{"@type":"EntryPoint","urlTemplate":"https:\/\/www.geoplastglobal.com\/de\/?s={search_term_string}"},"query-input":{"@type":"PropertyValueSpecification","valueRequired":true,"valueName":"search_term_string"}}],"inLanguage":"de-DE"},{"@type":"Organization","@id":"https:\/\/www.geoplastglobal.com\/de\/#organization","name":"Geoplast","url":"https:\/\/www.geoplastglobal.com\/de\/","logo":{"@type":"ImageObject","inLanguage":"de-DE","@id":"https:\/\/www.geoplastglobal.com\/de\/#\/schema\/logo\/image\/","url":"https:\/\/www.geoplastglobal.com\/wp-content\/uploads\/2016\/11\/geoplast.jpg","contentUrl":"https:\/\/www.geoplastglobal.com\/wp-content\/uploads\/2016\/11\/geoplast.jpg","width":1644,"height":1030,"caption":"Geoplast"},"image":{"@id":"https:\/\/www.geoplastglobal.com\/de\/#\/schema\/logo\/image\/"},"sameAs":["https:\/\/www.facebook.com\/geoplast","https:\/\/x.com\/Geoplast","https:\/\/www.linkedin.com\/company\/geoplast-spa","https:\/\/www.youtube.com\/user\/GEOPLASTspa"]}]}},"_links":{"self":[{"href":"https:\/\/www.geoplastglobal.com\/de\/wp-json\/wp\/v2\/pages\/3196","targetHints":{"allow":["GET"]}}],"collection":[{"href":"https:\/\/www.geoplastglobal.com\/de\/wp-json\/wp\/v2\/pages"}],"about":[{"href":"https:\/\/www.geoplastglobal.com\/de\/wp-json\/wp\/v2\/types\/page"}],"author":[{"embeddable":true,"href":"https:\/\/www.geoplastglobal.com\/de\/wp-json\/wp\/v2\/users\/12"}],"replies":[{"embeddable":true,"href":"https:\/\/www.geoplastglobal.com\/de\/wp-json\/wp\/v2\/comments?post=3196"}],"version-history":[{"count":104,"href":"https:\/\/www.geoplastglobal.com\/de\/wp-json\/wp\/v2\/pages\/3196\/revisions"}],"predecessor-version":[{"id":219772,"href":"https:\/\/www.geoplastglobal.com\/de\/wp-json\/wp\/v2\/pages\/3196\/revisions\/219772"}],"wp:attachment":[{"href":"https:\/\/www.geoplastglobal.com\/de\/wp-json\/wp\/v2\/media?parent=3196"}],"curies":[{"name":"wp","href":"https:\/\/api.w.org\/{rel}","templated":true}]}}