
{"id":2044,"date":"2014-07-22T14:06:11","date_gmt":"2014-07-22T14:06:11","guid":{"rendered":"https:\/\/www.geoplastglobal.com\/?p=2044"},"modified":"2021-12-02T10:24:37","modified_gmt":"2021-12-02T10:24:37","slug":"green-building-council","status":"publish","type":"page","link":"https:\/\/www.geoplastglobal.com\/de\/green-building-council\/","title":{"rendered":"Green Building Council"},"content":{"rendered":"<div class=\"green-page\">\r\n\t<div class=\"background\" style=\"background-image: url(\/wp-content\/uploads\/2016\/09\/cielo.jpg)\">\r\n\t\t<div class=\"field field-name-field-image field-type-image field-label-hidden\"><div class=\"field-items\"><div class=\"field-item even\"><img decoding=\"async\" src=\"\/wp-content\/uploads\/2016\/09\/logo.png?itok=ohqCy0Fs\" \/><\/div><\/div><\/div>\t\t<div class=\"field field-name-field-title field-type-text field-label-hidden\"><div class=\"field-items\"><div class=\"field-item even\">Geoplast S.p.A. in Green Building Council Italien, Das Network f\u00fcr umweltvertr\u00e4gliches Bauen<\/div><\/div><\/div>\t<\/div>\r\n\t<div class=\"content centrato\">\r\n\t\t<div class=\"field-collection-container clearfix\">\r\n    \r\n                            <div class=\"columns-wrapper three-columns\">\r\n                \r\n        \r\n            <div class=\"column column-1\">\r\n                            <p><strong>Geoplast S.p.A.<\/strong>, Marktf\u00fchrer beim Entwerfen und Realisieren von Produkten f\u00fcr das umweltvertr\u00e4gliche Bauwesen, Schalungen, Begr\u00fcnung, Wasserbehandlung, Sport und Umwelt, ist ordentliches Mitglied des Green Building Council Italien.<\/p>\r\n\r\n\r\n\r\n<p><strong>Green Building Council Italien<\/strong>&nbsp;ist eine Vereinigung von Firmen, professionellen B\u00fcros, \u00f6ffentlichen Verwaltungen, Universit\u00e4ten, Verb\u00e4nden, Institutionen und Strukturen, die auf die Zustimmung und Aufwertung der Integration zwischen technisch-wissenschaftlicher und operativer Kompetenzen basiert, die durch die Entwicklung und Anpassung von LEED (Leadership in Energy and Environmental Design), an die italienische Realit\u00e4t das Ziel verfolgt, den Markt zu ver\u00e4ndern, damit die &#8222;green buildings&#8220;, Geb\u00e4ude mit geringer Umweltbelastung zur Gewohnheit werden und als Faktor in der Gesellschaft ihren Platz erhalten.<\/p>\r\n                    <\/div>\r\n            <div class=\"column column-2\">\r\n                            <p lang=\"ru-RU\">Immer mehr Planungsb\u00fcros, Ingenieure, Architekten, Facility Manager, interior designer, Landschaftsbauer, St\u00e4dteplaner, Baufirmen, Finanzinstitute und \u00f6ffentliche Verwaltungen auf der ganzen Welt verwenden LEED, um einen Beitrag mithilfe von innovativen und ausgezeichneten Praktiken der Umweltvertr\u00e4glichkeit zu leisten. LEED ist ein wesentlicher Bezug f\u00fcr alle Firmen, die auf dem globalen Markt arbeiten m\u00f6chten.<\/p>\r\n\r\n\r\n\r\n<p>Deshalb hat Geoplast S.p.A. sich entschieden, die Philosophie und die Ziele von GBC Italien, gemeinsam mit anderen ausgezeichneten Betrieben des italienischen Marktes, zu unterst\u00fctzen.<\/p>\r\n\r\n\r\n\r\n<p>Alle Mitglieder bei GBC Italien sind aktive Leader, die sich pers\u00f6nlich in ihrem Umfeld engagieren und arbeiten, um Produkte und Geb\u00e4ude zu entwickeln, die hochgradig umweltvertr\u00e4glich sind und um ein vollst\u00e4ndiges Portfolio von Dienstleistungen anzubieten, um den verschiedenen Bed\u00fcrfnissen&nbsp;der Immobilienaktivit\u00e4ten eine<\/p>\r\n                    <\/div>\r\n            <div class=\"column column-3\">\r\n                            <p lang=\"ru-RU\">Antwort&nbsp;zu geben, koh\u00e4rent mit der Politik zur Vertr\u00e4glichkeit und charakterisiert von einem qualitativ hochwertigen Service f\u00fcr die Kundschaft.<\/p>\r\n\r\n\r\n\r\n<p>Au\u00dferdem beg\u00fcnstigen die Mitglieder ein kontinuierliches Wachstum der Kompetenzen der gesamten Bauindustrie, verbessern die Leistungskriterien von LEED Italien und f\u00f6rdern die offenkundigen und nicht offenkundigen Vorteile der &#8222;green buildings&#8220; w\u00e4hrend der gesamten Lebensdauer der Geb\u00e4ude, einschlie\u00dflich der Umweltvorteile, der wirtschaftlichen und sozialen.<\/p>\r\n\r\n\r\n\r\n<p>Geoplast S.p.A. zeigt mit dieser wichtigen Adh\u00e4sion wieder einmal, dass sie den Themen des umweltvertr\u00e4glichen Baus und des Umweltschutzes Aufmerksamkeit schenkt. Starke Werte, die das Firmenmanagement beleben und dazu bringen, innovative Produkte zu erforschen und zu realisieren, um auf effiziente Weise zu bauen und mit einem aufmerksamen Blick auf das Wohlgef\u00fchl des Menschen gerichtet.<\/p>\r\n                    <\/div>\r\n    \r\n                \r\n    \r\n                            <div class=\"justifier\">&nbsp;<\/div>\r\n            <\/div> \r\n                        <div class=\"columns-wrapper one-columns\">\r\n                \r\n        \r\n            <div class=\"column column-1\">\r\n                    <\/div>\r\n    \r\n                \r\n\r\n<\/div>\r\n\r\n\r\n\r\n<\/div>\t\t\t\t<div class=\"green-page-buttons\">\r\n\t\t\t\t\t\t\t\t\t\t\t<div class=\"btnGeo\">\r\n\t\t\t\t\t<a href=\"\/wp-content\/uploads\/2019\/09\/Green-Building-Council-Italy-Members-Manifest.pdf\">Manifest der Mitglieder von GBC Italien<\/a>\t\t\t\t<\/div>\r\n\t\t\t\t\t\t\t\t\t\t\t<div class=\"btnGeo\">\r\n\t\t\t\t\t<a href=\"\/wp-content\/uploads\/2019\/09\/What-qualifies-and-certifies-the-LEED.pdf\">Was bezeichnet und bescheinigt das LEED?<\/a>\t\t\t\t<\/div>\r\n\t\t\t\t\t<\/div>\t\r\n\t<\/div>\r\n\t<div class=\"field-collection-container clearfix\">\r\n    <div class=\"sections\">\r\n        \r\n            \r\n            <div class=\"section section-shadow\" id=\"section-0\">\r\n                <div class=\"centrato\">\r\n\r\n                                        \r\n                    <div class=\"field-collection-container clearfix\">\r\n\r\n                                \r\n                            \r\n                                                                                                                            <div class=\"columns-wrapper one-columns\">\r\n                            \r\n                            \r\n                                                            <div class=\"column column-1\">\r\n                                                                            <h4 class=\"rtecenter\" style=\"text-transform:uppercase\">ecoKOMPATIBILIT\u00c4T<\/h4>\r\n                                                                    <\/div>\r\n                            \r\n                            \r\n\r\n                        \r\n    \r\n            \r\n                                \r\n                            \r\n                            \r\n                            \r\n                                                            <div class=\"column column-1\">\r\n                                                                            <img decoding=\"async\" alt=\"\" class=\"media-image img__fid__4001 img__view_mode__media_original attr__format__media_original\" src=\"\/wp-content\/uploads\/2018\/08\/green-building-council.png\"  \/>\r\n\r\n\r\n\r\n<h4 class=\"rtecenter\" style=\"text-transform: uppercase; color: #161616;\">MIT DEN PRODUKTEN VON GEOPLAST GREIFT DER \u00d6KOLOGISCHE BAU BEREITS NACH DER ZUKUNFT<\/h4>\r\n\r\n\r\n                                                                    <\/div>\r\n                            \r\n                            \r\n\r\n                        \r\n    \r\n            \r\n                                \r\n                            \r\n                                                                                                    \r\n                                    <\/div> \r\n                                                                                                <div class=\"columns-wrapper two-columns\">\r\n                            \r\n                            \r\n                                                            <div class=\"column column-1\">\r\n                                                                            <div style=\"text-align:justify\">\r\n<p>Ein umweltvertr\u00e4glicher Geoplast Bau, wird von dem Fundament auf gebaut: mit <strong>MODULO<\/strong>, <strong>MINIMODULO<\/strong> und <strong>ELEVETOR<\/strong> schafft man ein bel\u00fcftetes und monolithisches Fundament, das die aufsteigende Feuchtigkeit und das Radon Gas entfernt, die auf nat\u00fcrliche Weise vom Boden aufsteigen und in Kontakt mit den Menschen treten, sie konzentrieren sich vor allem auf die unteren Stockwerke der Wohnh\u00e4user. Beide Elemente sind sch\u00e4dlich, das zweite sogar t\u00f6dlich, wenn es \u00fcber einen l\u00e4ngeren Zeitraum eingeatmet wird.&nbsp;<\/p>\r\n\r\n\r\n\r\n<p>Ein monolithisches Fundament hingegen, garantiert strukturell Solidit\u00e4t und l\u00f6st das Problem der Risse. Verwendet man <strong>DEFENDER<\/strong> erh\u00e4lt man die vollkommene Isolierung der St\u00fctzmauern gegen die Erde und erh\u00e4lt trockene und gesunde R\u00e4ume.<\/p>\r\n\r\n\r\n\r\n<p>Das gesamte Mauerwerk, wie auch die Betons\u00e4ulen k\u00f6nnen mit den <strong>GEOTUB<\/strong>, <strong>GEOTUB PANEL<\/strong>, <strong>GEOPANEL<\/strong>&nbsp;und <strong>GEOPANEL STAR<\/strong> Systemen hergestellt werden, die Decken hingegen mit <strong>GEOSKY<\/strong> (mit vorgezogener Entschalung), <strong>SKYRAIL<\/strong> (monodirektional und erleichtert), <strong>SKYDOME<\/strong> (bidirektional f\u00fcr besondere Spannweiten) und <strong>AIRPLAST<\/strong> (bidirektional und erleichtert)&nbsp;durch die Verwendung von besonders widerstandsf\u00e4higen Kunststoffschalungen tr\u00e4gt man zur Reduzierung der Nutzung von Holz im Bauwesen bei, die mitverantwortlich ist f\u00fcr das Ph\u00e4nomens der Entwaldung. <strong>GEOPANEL ART<\/strong>, ist das ideale System f\u00fcr die Herstellung von Sichtmauerwerk.<\/p>\r\n<\/div>\r\n                                                                    <\/div>\r\n                                                            <div class=\"column column-2\">\r\n                                                                            <div style=\"text-align:justify\">\r\n<p>Dach angekommen, kann man mit <strong>DRAINROOF<\/strong> H\u00e4ngeg\u00e4rten erschaffen, und der Umgebung wieder das Gr\u00fcn schenken, das man ihr genommen hat, gleichzeitig erh\u00e4lt man aber auch im Sommer ein k\u00fchles und im Winter ein w\u00e4rmeres Unterdach.<br \/>\r\nGesundes Wohnen bedeutet aber nicht, dass man in seinen vier W\u00e4nden bleiben muss, denn man kann auch die nutzbaren Gr\u00fcnbereiche genie\u00dfen. Durch die Schaffung von befahrbaren Wiesen und begr\u00fcnten Parkpl\u00e4tzen mit <strong>SALVAVERDE<\/strong>, <strong>GEOFLOR<\/strong>, <strong>RUNFLOOR GREEN<\/strong>, kann man Gr\u00fcnfl\u00e4chen betreten und auch darauf parken; normalerweise w\u00e4ren diese unber\u00fchrbare und zarte Beete oder schlimmer, eine schwarze flache Ebene aus Asphalt.&nbsp;<\/p>\r\n\r\n\r\n\r\n<p>Und was ist mit vertikalen gr\u00fcnen W\u00e4nden? Die bietet <strong>WALL-Y<\/strong>, das Poly\u00e4thylengitter mit hoher Dichte, f\u00fcr wunderbare Pflanzenw\u00e4nde. Zum Sammeln und Speichern von Regenwasser kann man unterirdische Auffang- und Drainagebeh\u00e4lter mit dem System <strong>DRENING<\/strong> und <strong>NEUE ELEVETOR TANK<\/strong> bauen und stehende Geruchsquellen oder M\u00fccken beseitigen.<\/p>\r\n\r\n\r\n\r\n<p>F\u00fcr die Freizeit und das Vergn\u00fcgen benutzt man <strong>GRIPPER<\/strong>, die polivalente Sportoberfl\u00e4che; gesunden Relax hingegen bietet der sch\u00f6ne drainierende Boden aus <strong>PLASTONELLA<\/strong>. Endlich ist <strong>BIOMODULO<\/strong> die ideale L\u00f6sung f\u00fcr Luftverteilungssysteme f\u00fcr Desodorierung- und Kompostierungsanlagen.<\/p>\r\n<\/div>\r\n                                                                    <\/div>\r\n                            \r\n                            \r\n\r\n                        \r\n    \r\n            \r\n    \r\n    \r\n            \r\n    \r\n    \r\n            \r\n    \r\n    \r\n            \r\n\r\n   \r\n<\/div>\r\n<\/div>\r\n                                        \r\n                            \r\n                            \r\n                <\/div>\r\n            <\/div>\r\n\r\n            <\/div>\r\n\r\n\r\n<\/div>\r\n<\/div>","protected":false},"excerpt":{"rendered":"<p>Geoplast S.p.A. in Green Building Council Italien, Das Network f\u00fcr umweltvertr\u00e4gliches Bauen Geoplast S.p.A., Marktf\u00fchrer beim Entwerfen und Realisieren von Produkten f\u00fcr das umweltvertr\u00e4gliche Bauwesen, Schalungen, Begr\u00fcnung, Wasserbehandlung, Sport und Umwelt, ist ordentliches Mitglied des Green Building Council Italien. Green Building Council Italien&nbsp;ist eine Vereinigung von Firmen, professionellen B\u00fcros, \u00f6ffentlichen [&hellip;]<\/p>\n","protected":false},"author":12,"featured_media":0,"parent":0,"menu_order":0,"comment_status":"open","ping_status":"open","template":"","meta":{"_acf_changed":false,"footnotes":""},"class_list":["post-2044","page","type-page","status-publish","hentry"],"acf":[],"yoast_head":"<!-- This site is optimized with the Yoast SEO plugin v27.3 - https:\/\/yoast.com\/product\/yoast-seo-wordpress\/ -->\n<title>Geoplast ist Mitglied des Green Building Council Italien<\/title>\n<meta name=\"description\" content=\"Geoplast S.p.A., Marktf\u00fchrer beim Entwerfen und Realisieren von Produkten f\u00fcr das umweltvertr\u00e4gliche Bauwesen, Schalungen, Begr\u00fcnung, Wasserbehandlung, Sport und Umwelt, ist ordentliches Mitglied des Green Building Council Italien.\" \/>\n<meta name=\"robots\" content=\"index, follow, max-snippet:-1, max-image-preview:large, max-video-preview:-1\" \/>\n<link rel=\"canonical\" href=\"https:\/\/www.geoplastglobal.com\/de\/green-building-council\/\" \/>\n<meta property=\"og:locale\" content=\"de_DE\" \/>\n<meta property=\"og:type\" content=\"article\" \/>\n<meta property=\"og:title\" content=\"Geoplast ist Mitglied des Green Building Council Italien\" \/>\n<meta property=\"og:description\" content=\"Geoplast S.p.A., Marktf\u00fchrer beim Entwerfen und Realisieren von Produkten f\u00fcr das umweltvertr\u00e4gliche Bauwesen, Schalungen, Begr\u00fcnung, Wasserbehandlung, Sport und Umwelt, ist ordentliches Mitglied des Green Building Council Italien.\" \/>\n<meta property=\"og:url\" content=\"https:\/\/www.geoplastglobal.com\/de\/green-building-council\/\" \/>\n<meta property=\"og:site_name\" content=\"Geoplast\" \/>\n<meta property=\"article:publisher\" content=\"https:\/\/www.facebook.com\/geoplast\" \/>\n<meta property=\"article:modified_time\" content=\"2021-12-02T10:24:37+00:00\" \/>\n<meta property=\"og:image\" content=\"https:\/\/www.geoplastglobal.com\/wp-content\/uploads\/2016\/09\/logo.png\" \/>\n<meta name=\"twitter:card\" content=\"summary_large_image\" \/>\n<meta name=\"twitter:site\" content=\"@Geoplast\" \/>\n<meta name=\"twitter:label1\" content=\"Est. reading time\" \/>\n\t<meta name=\"twitter:data1\" content=\"4 minutes\" \/>\n<script type=\"application\/ld+json\" class=\"yoast-schema-graph\">{\"@context\":\"https:\\\/\\\/schema.org\",\"@graph\":[{\"@type\":\"WebPage\",\"@id\":\"https:\\\/\\\/www.geoplastglobal.com\\\/de\\\/green-building-council\\\/\",\"url\":\"https:\\\/\\\/www.geoplastglobal.com\\\/de\\\/green-building-council\\\/\",\"name\":\"Geoplast ist Mitglied des Green Building Council Italien\",\"isPartOf\":{\"@id\":\"https:\\\/\\\/www.geoplastglobal.com\\\/de\\\/#website\"},\"datePublished\":\"2014-07-22T14:06:11+00:00\",\"dateModified\":\"2021-12-02T10:24:37+00:00\",\"description\":\"Geoplast S.p.A., Marktf\u00fchrer beim Entwerfen und Realisieren von Produkten f\u00fcr das umweltvertr\u00e4gliche Bauwesen, Schalungen, Begr\u00fcnung, Wasserbehandlung, Sport und Umwelt, ist ordentliches Mitglied des Green Building Council Italien.\",\"inLanguage\":\"de-DE\",\"potentialAction\":[{\"@type\":\"ReadAction\",\"target\":[\"https:\\\/\\\/www.geoplastglobal.com\\\/de\\\/green-building-council\\\/\"]}]},{\"@type\":\"WebSite\",\"@id\":\"https:\\\/\\\/www.geoplastglobal.com\\\/de\\\/#website\",\"url\":\"https:\\\/\\\/www.geoplastglobal.com\\\/de\\\/\",\"name\":\"Geoplast\",\"description\":\"Geoplast S.p.A.\",\"publisher\":{\"@id\":\"https:\\\/\\\/www.geoplastglobal.com\\\/de\\\/#organization\"},\"potentialAction\":[{\"@type\":\"SearchAction\",\"target\":{\"@type\":\"EntryPoint\",\"urlTemplate\":\"https:\\\/\\\/www.geoplastglobal.com\\\/de\\\/?s={search_term_string}\"},\"query-input\":{\"@type\":\"PropertyValueSpecification\",\"valueRequired\":true,\"valueName\":\"search_term_string\"}}],\"inLanguage\":\"de-DE\"},{\"@type\":\"Organization\",\"@id\":\"https:\\\/\\\/www.geoplastglobal.com\\\/de\\\/#organization\",\"name\":\"Geoplast\",\"url\":\"https:\\\/\\\/www.geoplastglobal.com\\\/de\\\/\",\"logo\":{\"@type\":\"ImageObject\",\"inLanguage\":\"de-DE\",\"@id\":\"https:\\\/\\\/www.geoplastglobal.com\\\/de\\\/#\\\/schema\\\/logo\\\/image\\\/\",\"url\":\"https:\\\/\\\/www.geoplastglobal.com\\\/wp-content\\\/uploads\\\/2016\\\/11\\\/geoplast.jpg\",\"contentUrl\":\"https:\\\/\\\/www.geoplastglobal.com\\\/wp-content\\\/uploads\\\/2016\\\/11\\\/geoplast.jpg\",\"width\":1644,\"height\":1030,\"caption\":\"Geoplast\"},\"image\":{\"@id\":\"https:\\\/\\\/www.geoplastglobal.com\\\/de\\\/#\\\/schema\\\/logo\\\/image\\\/\"},\"sameAs\":[\"https:\\\/\\\/www.facebook.com\\\/geoplast\",\"https:\\\/\\\/x.com\\\/Geoplast\",\"https:\\\/\\\/www.linkedin.com\\\/company\\\/geoplast-spa\",\"https:\\\/\\\/www.youtube.com\\\/user\\\/GEOPLASTspa\"]}]}<\/script>\n<!-- \/ Yoast SEO plugin. -->","yoast_head_json":{"title":"Geoplast ist Mitglied des Green Building Council Italien","description":"Geoplast S.p.A., Marktf\u00fchrer beim Entwerfen und Realisieren von Produkten f\u00fcr das umweltvertr\u00e4gliche Bauwesen, Schalungen, Begr\u00fcnung, Wasserbehandlung, Sport und Umwelt, ist ordentliches Mitglied des Green Building Council Italien.","robots":{"index":"index","follow":"follow","max-snippet":"max-snippet:-1","max-image-preview":"max-image-preview:large","max-video-preview":"max-video-preview:-1"},"canonical":"https:\/\/www.geoplastglobal.com\/de\/green-building-council\/","og_locale":"de_DE","og_type":"article","og_title":"Geoplast ist Mitglied des Green Building Council Italien","og_description":"Geoplast S.p.A., Marktf\u00fchrer beim Entwerfen und Realisieren von Produkten f\u00fcr das umweltvertr\u00e4gliche Bauwesen, Schalungen, Begr\u00fcnung, Wasserbehandlung, Sport und Umwelt, ist ordentliches Mitglied des Green Building Council Italien.","og_url":"https:\/\/www.geoplastglobal.com\/de\/green-building-council\/","og_site_name":"Geoplast","article_publisher":"https:\/\/www.facebook.com\/geoplast","article_modified_time":"2021-12-02T10:24:37+00:00","og_image":[{"url":"https:\/\/www.geoplastglobal.com\/wp-content\/uploads\/2016\/09\/logo.png","type":"","width":"","height":""}],"twitter_card":"summary_large_image","twitter_site":"@Geoplast","twitter_misc":{"Est. reading time":"4 minutes"},"schema":{"@context":"https:\/\/schema.org","@graph":[{"@type":"WebPage","@id":"https:\/\/www.geoplastglobal.com\/de\/green-building-council\/","url":"https:\/\/www.geoplastglobal.com\/de\/green-building-council\/","name":"Geoplast ist Mitglied des Green Building Council Italien","isPartOf":{"@id":"https:\/\/www.geoplastglobal.com\/de\/#website"},"datePublished":"2014-07-22T14:06:11+00:00","dateModified":"2021-12-02T10:24:37+00:00","description":"Geoplast S.p.A., Marktf\u00fchrer beim Entwerfen und Realisieren von Produkten f\u00fcr das umweltvertr\u00e4gliche Bauwesen, Schalungen, Begr\u00fcnung, Wasserbehandlung, Sport und Umwelt, ist ordentliches Mitglied des Green Building Council Italien.","inLanguage":"de-DE","potentialAction":[{"@type":"ReadAction","target":["https:\/\/www.geoplastglobal.com\/de\/green-building-council\/"]}]},{"@type":"WebSite","@id":"https:\/\/www.geoplastglobal.com\/de\/#website","url":"https:\/\/www.geoplastglobal.com\/de\/","name":"Geoplast","description":"Geoplast S.p.A.","publisher":{"@id":"https:\/\/www.geoplastglobal.com\/de\/#organization"},"potentialAction":[{"@type":"SearchAction","target":{"@type":"EntryPoint","urlTemplate":"https:\/\/www.geoplastglobal.com\/de\/?s={search_term_string}"},"query-input":{"@type":"PropertyValueSpecification","valueRequired":true,"valueName":"search_term_string"}}],"inLanguage":"de-DE"},{"@type":"Organization","@id":"https:\/\/www.geoplastglobal.com\/de\/#organization","name":"Geoplast","url":"https:\/\/www.geoplastglobal.com\/de\/","logo":{"@type":"ImageObject","inLanguage":"de-DE","@id":"https:\/\/www.geoplastglobal.com\/de\/#\/schema\/logo\/image\/","url":"https:\/\/www.geoplastglobal.com\/wp-content\/uploads\/2016\/11\/geoplast.jpg","contentUrl":"https:\/\/www.geoplastglobal.com\/wp-content\/uploads\/2016\/11\/geoplast.jpg","width":1644,"height":1030,"caption":"Geoplast"},"image":{"@id":"https:\/\/www.geoplastglobal.com\/de\/#\/schema\/logo\/image\/"},"sameAs":["https:\/\/www.facebook.com\/geoplast","https:\/\/x.com\/Geoplast","https:\/\/www.linkedin.com\/company\/geoplast-spa","https:\/\/www.youtube.com\/user\/GEOPLASTspa"]}]}},"_links":{"self":[{"href":"https:\/\/www.geoplastglobal.com\/de\/wp-json\/wp\/v2\/pages\/2044","targetHints":{"allow":["GET"]}}],"collection":[{"href":"https:\/\/www.geoplastglobal.com\/de\/wp-json\/wp\/v2\/pages"}],"about":[{"href":"https:\/\/www.geoplastglobal.com\/de\/wp-json\/wp\/v2\/types\/page"}],"author":[{"embeddable":true,"href":"https:\/\/www.geoplastglobal.com\/de\/wp-json\/wp\/v2\/users\/12"}],"replies":[{"embeddable":true,"href":"https:\/\/www.geoplastglobal.com\/de\/wp-json\/wp\/v2\/comments?post=2044"}],"version-history":[{"count":7,"href":"https:\/\/www.geoplastglobal.com\/de\/wp-json\/wp\/v2\/pages\/2044\/revisions"}],"predecessor-version":[{"id":163011,"href":"https:\/\/www.geoplastglobal.com\/de\/wp-json\/wp\/v2\/pages\/2044\/revisions\/163011"}],"wp:attachment":[{"href":"https:\/\/www.geoplastglobal.com\/de\/wp-json\/wp\/v2\/media?parent=2044"}],"curies":[{"name":"wp","href":"https:\/\/api.w.org\/{rel}","templated":true}]}}